{"id":543,"date":"2010-06-13T21:54:40","date_gmt":"2010-06-13T20:54:40","guid":{"rendered":"http:\/\/elpobrecitohablador.es\/wordpress\/?page_id=543"},"modified":"2011-03-05T12:59:47","modified_gmt":"2011-03-05T12:59:47","slug":"patriotismo-futbolero","status":"publish","type":"page","link":"https:\/\/elpobrecitohablador.es\/wordpress\/patriotismo-futbolero\/","title":{"rendered":"\u00bfQu\u00e9 podemos hacer?"},"content":{"rendered":"<p>Desde luego que de casi todo menos difundir las ideas de los opresores y cantama\u00f1anas sin m\u00e1s interes que vivir del cuento \u00abidealista\u00bb del m\u00e1s all\u00e1 cuando en el m\u00e1s ac\u00e1 masacran y exterminan a purriaos.<\/p>\n<p>Y como cosas tan viejas como <strong><a href=\"https:\/\/elpobrecitohablador.es\/wordpress\/libros\/GeorgesPolitzerPrincipiosElementalesFilosofia.pdf\" target=\"_blank\">\u00abPRINCIPIOS ELEMENTALES DE FILOSOF\u00cdA\u00bb<\/a> <\/strong>\u00a0pueden ayudar a los jovencitos\/as que pretenden saber m\u00e1s que los puretitas que al menos daben que si tienen la osadia de leer estos 130 folios sabr\u00e1n que nunca estaremos en su bando y ellos, si maduran, leen y crecen algo pueden estar en el nuestro, con cari\u00f1o un puretita materialista y nada credulito de payasos capitalo-ezquizoides.<\/p>\n<p style=\"text-align: justify;\"><strong><a href=\"https:\/\/elpobrecitohablador.es\/wordpress\/wp-content\/uploads\/2010\/06\/Rebelinux2.jpg\" rel=\"lightbox[543]\"><img loading=\"lazy\" decoding=\"async\" class=\"alignleft size-full wp-image-631\" title=\"Rebelinux2\" src=\"https:\/\/elpobrecitohablador.es\/wordpress\/wp-content\/uploads\/2010\/06\/Rebelinux2.jpg\" alt=\"\" width=\"181\" height=\"142\" srcset=\"https:\/\/elpobrecitohablador.es\/wordpress\/wp-content\/uploads\/2010\/06\/Rebelinux2.jpg 181w, https:\/\/elpobrecitohablador.es\/wordpress\/wp-content\/uploads\/2010\/06\/Rebelinux2-150x117.jpg 150w\" sizes=\"auto, (max-width: 181px) 100vw, 181px\" \/><\/a><\/strong><\/p>\n<p style=\"text-align: justify;\"><strong>\u00a0<\/strong><\/p>\n<p style=\"text-align: justify;\"><strong>S<\/strong>i hay algo que caracteriza la situaci\u00f3n actual, tanto a nivel local como mundial, es la refinada perversi\u00f3n con que se manipula la realidad dando gato por liebre en envoltura de dise\u00f1o. Gracias a las nuevas tecnolog\u00edas, a trav\u00e9s de la electr\u00f3nica, de la inform\u00e1tica y la publicidad, los poderes f\u00e1cticos, ayudados por toda suerte de personajes corruptos &#8211; otrora \u00abdefensores\u00bb de la causa popular &#8211; han creado toda una suerte de intereses, de entramado mafioso, de corruptelas, que han destruido completamente la \u00abilusi\u00f3n democr\u00e1tica\u00bb para los ingenuos que a\u00fan cre\u00edan en una clase dominante justa, equilibrada y benevolente (el amito bueno), con una reglas de juego iguales para todos y una justicia imparcial. Sin embargo, la amarga verdad, la cruda realidad que algunos se niegan a aceptar, la de que para mantenerse en el poder hay que ser implacable y despiadado va tomando forma.<\/p>\n<p style=\"text-align: justify;\"><strong>L<\/strong>a premisa de las doctrinas socialistas originales (aunque este t\u00e9rmino haya sido deformado y desnaturalizado por sus suplantadores y su propaganda) de que el poder corrompe y es por naturaleza corrupto, as\u00ed como el que las clases dominantes, por su propia supervivencia tienen la obligaci\u00f3n no s\u00f3lo de matar y robar sino siempre que les sea posible, ocultar la realidad y adormecer y enga\u00f1ar a los dominados haci\u00e9ndoles creer que viven en un \u00abmundo feliz\u00bb sin conflictos es ahora perfectamente evidente para los que no est\u00e9n ciegos de sectarismo y ofuscaci\u00f3n. V\u00e9ase por ejemplo los innumerables esc\u00e1ndalos que jalonaron la \u00e9poca felipista como Filesa, Ibercorp, Gal, Rold\u00e1n, Sarasola, Rubio y un largo etc., y en la era Aznarista con Ger-Cartera, BBVA, y otros muchos que tiene montado el PP. Mas otros que iremos viendo, que muestran la verdadera faz de toda esa camarilla. Por no hablar de la sumisi\u00f3n al imperialismo yanqui, a las multinacionales, a los centros econ\u00f3micos de decisi\u00f3n mundial y a la desastrosa pol\u00edtica econ\u00f3mica, social industrial agr\u00edcola pesquera ,forestal, etc., que han destruido el tejido productivo , la organizaci\u00f3n de las clases trabajadoras y nos han entregado atados de pies y manos a los designios del gran capital internacional.<\/p>\n<p style=\"text-align: justify;\">Creer que esta sociedad, el capitalismo, es lo mejor, no solo revela ignorancia pol\u00edtica, sino que adem\u00e1s se tiene esp\u00edritu de esclavo. Ignorancia que ellos se encargan de propiciar a toda costa con toda suerte de mecanismos, haciendo creer que los \u00abmalos\u00bb son solo los que ellos dicen, o sea los que no aceptan el \u00aborden\u00bb y la \u00abpaz social\u00bb, convirtiendo los conflictos sociales en meros \u00absucesos\u00bb para consumo de morbosos.<\/p>\n<p style=\"text-align: justify;\">El grado de perversi\u00f3n y manipulaci\u00f3n de la realidad es tal que si Goebbels se levantara de su tumba, se quedar\u00eda impresionado de hasta qu\u00e9 punto el maquiavelismo pol\u00edtico, aliado con la perversi\u00f3n sem\u00e1ntica del lenguaje, le convert\u00edan de maestro en aprendiz de estos nuevos se\u00f1ores de la propaganda e intoxicaci\u00f3n de masas.<\/p>\n<p style=\"text-align: justify;\"><strong>C<\/strong>iertamente, desde que los poderes f\u00e1cticos del nuevo orden y sus c\u00f3nsules locales han logrado aunar el aparato del estado (parlamento, gobierno o, jueces, ej\u00e9rcito y polic\u00eda) &#8211; al que ahora hay que incorporar tambi\u00e9n a los sindicatos &#8211; con los medios de comunicaci\u00f3n (el llamado \u00abcuarto poder\u00bb: radio, prensa y TV) y los corifeos del pesebre cortesano (pseudo-intelectuales, \u00abperiodistas\u00bb y plum\u00edferos medi\u00e1ticos de todo pelaje y condici\u00f3n, pseudos-cient\u00edficos, tertulianos, y \u201cexpertos\u201d varios en \u201cesto\u201d y lo \u201cotro\u201d, pseudo-lideres de la pseudo-izquierda, &#8211; ya sean pol\u00edticos \u00f3 sindicales, etc. Desde que esto es ya una realidad, con matices seg\u00fan latitudes, el tecno-fascismo es ya un hecho.<\/p>\n<p style=\"text-align: justify;\"><strong>U<\/strong>na vez aunado todo esto en un arma de guerra psicol\u00f3gica, en un instrumento de propaganda un\u00e1nime, totalitario y totalizador, en el que no se mueve una hoja sin permiso del jefe, el que solo se oye la voz de su amo; en una situaci\u00f3n medi\u00e1tica en la que no se alza una voz discrepante, nada que sea \u00abpol\u00edticamente incorrecto\u00bb, que las protestas son acalladas por la barah\u00fanda del sonido que emite el poder y el exceso deliberado de informaci\u00f3n tendenciosa y manipulada. Una situaci\u00f3n en la que el proletariado, lo que esta al otro lado del poder, m\u00e1s bien frente a el objetivamente, debajo de \u00e9l en realidad. Lo que antes se llamaba clases despose\u00eddas y que ahora son un ente inexistente por arte de magia de la comunicaci\u00f3n. Y son inexistentes porque la voz y la \u00fanica voz no nos habla de su existencia.<\/p>\n<p style=\"text-align: justify;\">La \u00fanica voz que existe es una voz que utiliza la sem\u00e1ntica para desvirtuar la realidad, para \u00abnombrarla\u00bb de otra forma, para dar otras categor\u00edas y otros contenidos a la realidad seg\u00fan intereses del poder. Crear un reba\u00f1o d\u00f3cil y un\u00e1nime que repita como loros lo que le predican desde el nuevo p\u00falpito electr\u00f3nico de los mass-medias, la nueva iglesia.<\/p>\n<p style=\"text-align: justify;\"><strong>S<\/strong>e pervierte el lenguaje y se oculta la realidad objetiva material tras una mascara \u00f3 corteza de realidad virtual expresada mediante un lenguaje falaz que solo interpreta los deseos de los poderosos y sus fieles perrillos falderos. El poder de la oligarqu\u00eda y los plut\u00f3cratas frente a los mas d\u00e9biles, no existen posibilidades de defensa, inermes ante la avalancha de los \u00abmedios\u00bb, sin cultura, sin medios econ\u00f3micos, sin poder pol\u00edtico real, enfrentados a una ilusi\u00f3n \u00abdemocr\u00e1tica\u00bb de paz y armon\u00eda social que no existe m\u00e1s que los medios de comunicaci\u00f3n de masas y se repite hasta en el arte y todas las manifestaciones \u00bfculturales?.<\/p>\n<p style=\"text-align: justify;\"><strong>N<\/strong>o hay m\u00e1s que ver los telediarios de cualquier cadena de T.V. (todas tanto p\u00fablicas como privadas est\u00e1n controladas por el entramado monopolista) la tele-basura alienante en general y los telefilmes yanquis colonizantes de apolog\u00eda de la violencia fascista y el darwinismo social calvinista.<\/p>\n<p style=\"text-align: justify;\"><strong>L<\/strong>as mal llamadas \u00abtertulias\u00bb de la radio (todas las radios est\u00e1n controladas por el capital o la iglesia que viene a ser lo mismo) de la prensa burguesa. No hay mas que observar lo anterior, digo para comprobar que solo hay una sola voz: la del r\u00e9gimen mon\u00e1rquico neofranquista, capitalista, burgu\u00e9s y pro-imperialista. Abiertamente anticomunista, anti popular y anti cualquier filosof\u00eda colectivista e igualitaria, es decir opuesta a todo discurso que represente los intereses de los sin voz, los sin patria, los proletarios, los trabajadores. En suma los no propietarios \u00f3 despose\u00eddos \u00f3 como queramos llamarlos; si estos t\u00e9rminos os suenan trasnochados como dice la propaganda capitalista, pero se da la circunstancia de que esta clase, que en unos pa\u00edses ser\u00e1 mas homog\u00e9nea, en otros esta subdividida en estratos escalonados de diferente entidad que har\u00e1n creer a algunos que no son pobres porque posean algunos objetos de consumo, a pesar de estas diferencias m\u00e1s aparente que reales, esta clase que tiene en com\u00fan en todo el orbe que no poseen los medios de producci\u00f3n de riqueza, y por tanto el poder pol\u00edtico real y los medios de decisi\u00f3n sobre su suerte sobre el futuro, en definitiva el control sobre sus vidas.<\/p>\n<p style=\"text-align: justify;\">Esta clase globalmente considerada sigue siendo el 99% de la humanidad. Es la clase que engorda, mantiene y hace posible el lujo, el despilfarro y la depredaci\u00f3n del planeta por harte del 1 % restante que nos quiere convencer que hemos llegado al cenit de la civilizaci\u00f3n y que seguir hablando de lucha de clases, de transformaci\u00f3n social, de revoluci\u00f3n y todo eso es un anacronismo. Porque seg\u00fan ellos con la ca\u00edda del muro de Berl\u00edn y los pa\u00edses del Este de Europa \u00a1se demostraba \u00abmatem\u00e1ticamente \u00bb las bondades del sistema capitalista y la inviabilidad y quimera de las utop\u00edas socialistas! Si no fuera porque han ocultado toda posibilidad de debate p\u00fablico mediante los trileros y tah\u00fares que colaboran con los ide\u00f3logos del poder en los \u00abmedia\u00bb esta falacia descomunal hubiera sido desmontada r\u00e1pidamente.<\/p>\n<p style=\"text-align: justify;\"><strong>P<\/strong>ero resulta que la mayor\u00eda de los que otrora defend\u00edan la causa de los proletarios, los \u00abcuadros\u00bb, l\u00edderes, liderillos, y simpatizantes de nuestra causa se han transformado en sanguijuelas c\u00f3mplices, se han pasado con armas y bagajes al enemigo, unos porque siempre fueron submarinos de la reacci\u00f3n, otros porque simplemente eran agentes infiltrados en nuestras filas, unos por pusil\u00e1nimes y cobardes y otros porque sencillamente han puesto su alma en venta, lo cierto es que pocos se enfrentan resueltamente a este estado de cosas y se atreven a llamar las cosas por su verdadero nombre. Nadie quiere arriesgarse a ser condenado a las tinieblas exteriores. Todos los que podr\u00edan alzar su voz prefieren contemporizar, coger la limosna, las treinta monedas y hacer de tripas coraz\u00f3n. Gozar del relativo confort de los aleda\u00f1os del poder antes que volver al fr\u00edo de la verdadera oposici\u00f3n.<\/p>\n<p style=\"text-align: justify;\">Pero a pesar de todas las milongas que nos quieran vender y por mucho que se llenen la boca de democracia esta la mayor\u00eda de una clase que sigue existiendo, sin conciencia de si, dividida, desorientada, enfrentada, confusa, perdida y asustada m\u00e1s que nunca. Pero dando la vida y la existencia a sus patrones, a los que par\u00e1sitan sobre ella, es decir a la burgues\u00eda y a la legi\u00f3n de sanguijuelas y vampiros c\u00f3mplices de la misma, todos aquellos que estaban a nuestro lado cuando hab\u00eda esperanza de victoria y ahora cuando alguien diagnostico la derrota final y el fin de la historia han perdido el culo para pedir trabajo como mamporreros del poder.<\/p>\n<p style=\"text-align: justify;\"><strong>L<\/strong>acayos y cipayos de la peor especie que vendieron su alma al diablo, renegados que hoy se ufanan de sus prebendas, conseguidas por su traici\u00f3n. Esta desbandada dej\u00f3 hu\u00e9rfana a una clase acostumbrada a ser dirigida y pastoreada desde antiguo, menor de edad, con la psicolog\u00eda del siervo, incapaz de pensar por si misma y en nuestro pa\u00eds arrastra adem\u00e1s una larga historia de derrotas, de terror desatado sobre ella y de cuarenta a\u00f1os de dictadura militar. Todo hace pues muy dif\u00edcil el despertar soberano y libre, el momento de erguirse sobre la inmundicia y el sopor reinante para organizar un frente com\u00fan consistente y organizado.<\/p>\n<p style=\"text-align: justify;\"><strong>\u00bf<\/strong><strong>A quien le extra\u00f1a, pues que la desesperanza y el derrotismo sean la t\u00f3nica dominante? <\/strong>Solo se alzan los pocos grup\u00fasculos voluntaristas, resto del naufragio, que han abandonado toda ideolog\u00eda social y se dedican a pr\u00e1cticas reformistas cuando no a aparentar un radicalismo que solo lo es en las formas. Arrastran todos los vicios de lo anterior y nadie presta atenci\u00f3n a la elaboraci\u00f3n de una teor\u00eda y una base unitaria que d\u00e9 respuesta a los problemas de hoy entre otras cosas porque ellos tambi\u00e9n aceptan la teor\u00eda de que no hay salida estrat\u00e9gica y su pr\u00e1ctica lo demuestra.<\/p>\n<p style=\"text-align: justify;\"><strong>\u00bf<\/strong><strong>C\u00f3mo competir por otra parte con el formidable poder de los \u00abmas medias\u00bb actuales?. <\/strong>De los pol\u00edticos vendidos que usan su prestigio y popularidad para su funci\u00f3n de hipnotizadores, domadores de circo, trileros \u00f3 bufones. De los sindicatos vendidos a la patronal e incorporados al sistema. convertidos en nuevos verticales: de toda suerte oportunistas, corruptos y mal nacidos que s\u00f3lo buscan su enriquecimiento personal mientras predican sacrificios, prudencia, mansedumbre para los trabajadores y clases populares que se empobrecen a ojos vistas mientras aumentan sus posesiones los nuevos ricos y los de siempre no tienen ya sitio para su riqueza, mientras falta hasta el agua, pronto lo har\u00e1 el aire que respiramos hasta que nos achicharremos por el efecto invernadero mientras ellos se ir\u00e1n a expoliar otro planeta en alguna nave que por supuesto construiremos nosotros.<\/p>\n<p style=\"text-align: justify;\"><strong>\u00bfSeremos capaces de auto<\/strong><strong>-organizarnos sin luchas intestinas, de vertebrar una contestaci\u00f3n social que ponga freno a los abusos del poder?. <\/strong>No se trata de lograr solo mejoras coyunturales; de perfeccionar el sistema de nuevo. Hay que acabar con el de una vez. Pero para eso hace falta salir de la situaci\u00f3n de inferioridad y de pereza mental, de dependencia psicol\u00f3gica y emocional de l\u00edderes, padres y poderes diversos, influencias del pasado recuerdos de malas experiencias y derrotismo. Hay que perder el miedo y la fascinaci\u00f3n por los amos. Hace falta en una palabra, ser adultos, mayores de edad, soberanos, libres, <em><strong>tener dignidad,<\/strong><\/em><em><strong> <\/strong><\/em>dejar de jugar a crear capillas, a ser cabezas de rat\u00f3n y ver diferencias en lo que s\u00f3lo son matices y diversidad.<\/p>\n<p style=\"text-align: justify;\"><strong>H<\/strong>ay que recuperar el discurso de clase como discurso unificador y unitario. Como base organizativa. Pero sin repetir como loros viejos esquemas doctrinales. Olvidando las miserias del pasado y bas\u00e1ndonos en la realidad actual. Sigue existiendo la clase proletaria frente a la burgues\u00eda y si hace falta definirlo de otra forma para combatir el desprestigio del lenguaje cr\u00edtico revolucionario no debe ser un obst\u00e1culo.<\/p>\n<p style=\"text-align: justify;\">Lo importante es la esencia. De nada sirve una fraseolog\u00eda ortodoxa que no llega a nadie y si adem\u00e1s ha perdido de vista los contenidos y el m\u00e9todo materialista de an\u00e1lisis. La dial\u00e9ctica no es \u00abadaptarse\u00bb a los tiempos pas\u00e1ndose de bando de los posibilitas reformistas \u00f3 mantener una actitud cerrada en dogmas apol\u00edticos y en fraseolog\u00edas incomprensibles para la poblaci\u00f3n actual, que la mitad por su juventud e incultura les es ajena y a la otra mitad ha sido \u00abtratada\u00bb con la \u00abdemocratitis\u00bb comunicacional y les suena absolutamente marginal.<\/p>\n<p style=\"text-align: justify;\">La cuesti\u00f3n es adaptarse a las nuevas reglas del juego manteniendo nuestra capacidad de an\u00e1lisis de la realidad, y nuestra independencia de clase, defendiendo lo material lo objetivo, sabi\u00e9ndolo diferenciar de lo subjetivo de nuestros deseos y teniendo la habilidad de transmitirlo en un lenguaje popular accesible, extendiendo la comprensi\u00f3n de la realidad y generando confianza y autoestima colectiva, es decir, lo que siempre se llam\u00f3 conciencia de clase. Que quiere decir conciencia del poder real, la capacidad y el futuro hist\u00f3rico y conciencia de las relaciones sociales, de los conflictos sociales y su adecuada interpretaci\u00f3n.<\/p>\n<p style=\"text-align: justify;\">Saber distinguir los amigos de los enemigos y cu\u00e1les son los verdaderos intereses que cada uno como individuo tiene en el seno de su clase. No el falso inter\u00e9s que le han hecho creer sino el que le beneficia estrat\u00e9gicamente. Y eso no es dif\u00edcil demostrarlo siempre que previamente estemos convencidos, claro.<\/p>\n<p style=\"text-align: justify;\">Hay que recuperar el sentido de la manoseada palabra democracia; esto es, el poder del pueblo, el gobierno del pueblo por el pueblo, es decir el autogobierno, autogesti\u00f3n \u00f3 auto-administraci\u00f3n sin intermediarios de nuestra propia vida. Todo lo que no sea coger las riendas de nuestro destino sin dejarlo en manos de nadie y organizarnos junto a los que est\u00e1n en nuestra misma situaci\u00f3n sea los que como nosotros, la mayor\u00eda no tienen para sobrevivir m\u00e1s que su fuerza de trabajo, no ser\u00e1 m\u00e1s que seguir siendo esclavos enajenados. Aunque unos tengan coches y otros no. Aunque unos tengan vivienda (unos m\u00e1s grandes que otros) y otros no. Aunque unos estemos en el paro y otros tengan empleo fijo incluso de por vida en el estado. Incluso aunque unos se sientan privilegiados frente a los inmigrantes \u00f3 a los m\u00e1s pobres y desesperados de la periferia; no hay que olvidar que en \u00c1frica, Asia, Am\u00e9rica Latina, y pa\u00edses del este de Europa sigue habiendo ricos y pobres. Y todos independientemente de nuestra situaci\u00f3n, personal y familiar relativa tenemos en com\u00fan que somos la mayor\u00eda de la poblaci\u00f3n del mundo. Una mayor\u00eda de despose\u00eddos (aunque en diferente grado) por el capital depredador mundial la contradicci\u00f3n principal sigue siendo <em><strong>los que viven de su trabajo <\/strong><\/em>frente a los poseedores <em><strong>del capital privado. <\/strong><\/em><\/p>\n<p style=\"text-align: justify;\"><em>Los <\/em>peque\u00f1os propietarios que han acumulado un peque\u00f1o capital con su trabajo y el de sus familiares \u00f3 la explotaci\u00f3n de alg\u00fan asalariado que se creen a salvo de esa fat\u00eddica ecuaci\u00f3n tendr\u00e1n que elegir de qu\u00e9 lado est\u00e1n, cual es su futuro y qu\u00e9 sociedad desean.<\/p>\n<p style=\"text-align: justify;\"><strong>E<\/strong>s nuestra responsabilidad dise\u00f1ar un modelo de sociedad que entusiasme, que convenza y que haga deseable incluso dar la vida por que se haga realidad para la mayor\u00eda antes que agonizar lentamente en un mundo sin esperanza. Si no somos capaces de construir alternativas, de dise\u00f1ar un futuro digno y cre\u00edble que compita con ventaja con el discurso conformista reinante, no habr\u00e1 ning\u00fan futuro ni para nosotros ni para nuestros hijos, ni siquiera para la vida sobre el planeta. Esa es la \u00fanica soluci\u00f3n.<\/p>\n<p><em><strong>Quienes est\u00e9n de acuerdo con todo \u00f3 con parte de lo dicho m\u00e1s arriba\u00a0 se puede poner\u00a0 en contacto con nosotros.<\/strong><\/em><\/p>\n<p><a href=\"http:\/\/www.nodo50.org\/internacionalistas\/babeuf@nodo50.org\">babeuf@nodo50.org<\/a><\/p>\n<p>langostinosynavazosrebeldes@gmail.com<\/p>\n<p>Salud &#8230;y poder popular<\/p>\n","protected":false},"excerpt":{"rendered":"<p>Desde luego que de casi todo menos difundir las ideas de los opresores y cantama\u00f1anas sin m\u00e1s interes que vivir del cuento \u00abidealista\u00bb del m\u00e1s all\u00e1 cuando en el m\u00e1s ac\u00e1 masacran y exterminan a purriaos. Y como cosas tan viejas como \u00abPRINCIPIOS ELEMENTALES DE FILOSOF\u00cdA\u00bb \u00a0pueden ayudar a los jovencitos\/as que pretenden saber m\u00e1s [&hellip;]<\/p>\n","protected":false},"author":290,"featured_media":0,"parent":0,"menu_order":0,"comment_status":"closed","ping_status":"closed","template":"","meta":{"footnotes":""},"class_list":["post-543","page","type-page","status-publish","hentry"],"_links":{"self":[{"href":"https:\/\/elpobrecitohablador.es\/wordpress\/wp-json\/wp\/v2\/pages\/543","targetHints":{"allow":["GET"]}}],"collection":[{"href":"https:\/\/elpobrecitohablador.es\/wordpress\/wp-json\/wp\/v2\/pages"}],"about":[{"href":"https:\/\/elpobrecitohablador.es\/wordpress\/wp-json\/wp\/v2\/types\/page"}],"author":[{"embeddable":true,"href":"https:\/\/elpobrecitohablador.es\/wordpress\/wp-json\/wp\/v2\/users\/290"}],"replies":[{"embeddable":true,"href":"https:\/\/elpobrecitohablador.es\/wordpress\/wp-json\/wp\/v2\/comments?post=543"}],"version-history":[{"count":6,"href":"https:\/\/elpobrecitohablador.es\/wordpress\/wp-json\/wp\/v2\/pages\/543\/revisions"}],"predecessor-version":[{"id":546,"href":"https:\/\/elpobrecitohablador.es\/wordpress\/wp-json\/wp\/v2\/pages\/543\/revisions\/546"}],"wp:attachment":[{"href":"https:\/\/elpobrecitohablador.es\/wordpress\/wp-json\/wp\/v2\/media?parent=543"}],"curies":[{"name":"wp","href":"https:\/\/api.w.org\/{rel}","templated":true}]}}