{"id":508,"date":"2010-05-25T21:24:26","date_gmt":"2010-05-25T20:24:26","guid":{"rendered":"http:\/\/elpobrecitohablador.es\/wordpress\/?page_id=508"},"modified":"2010-07-19T12:06:36","modified_gmt":"2010-07-19T11:06:36","slug":"cuba-y-democracia","status":"publish","type":"page","link":"https:\/\/elpobrecitohablador.es\/wordpress\/cuba-y-democracia\/","title":{"rendered":"Cuba y Democracia"},"content":{"rendered":"<p style=\"text-align: justify;\">En Esta Secci\u00f3n recogeremos las joyas que con respecto a cuba y la democracia, nos demuestran como nos cuentan todo al rev\u00e9s.<\/p>\n<h2 style=\"text-align: justify;\"><strong><a href=\"https:\/\/elpobrecitohablador.es\/wordpress\/wp-content\/uploads\/2010\/05\/silviorodriguez.jpg\" rel=\"lightbox[508]\"><img loading=\"lazy\" decoding=\"async\" class=\"alignleft size-thumbnail wp-image-509\" style=\"margin: 10px;\" title=\"silviorodriguez\" src=\"https:\/\/elpobrecitohablador.es\/wordpress\/wp-content\/uploads\/2010\/05\/silviorodriguez-150x150.jpg\" alt=\"\" width=\"90\" height=\"90\" srcset=\"https:\/\/elpobrecitohablador.es\/wordpress\/wp-content\/uploads\/2010\/05\/silviorodriguez-150x150.jpg 150w, https:\/\/elpobrecitohablador.es\/wordpress\/wp-content\/uploads\/2010\/05\/silviorodriguez-75x75.jpg 75w\" sizes=\"auto, (max-width: 90px) 100vw, 90px\" \/><\/a>La carta de Silvio Rodr\u00edguez al diario espa\u00f1ol \u00abEl Pa\u00eds\u00bb<\/strong><\/h2>\n<p style=\"text-align: justify;\">El cantautor cubano Silvio Rodr\u00edguez envi\u00f3 este art\u00edculo hace varios d\u00edas al diario El Pa\u00eds, de Espa\u00f1a. Su misiva a la direcci\u00f3n del diario espa\u00f1ol era la siguiente:<\/p>\n<p>Sent: Saturday, May 15, 2010 11:37 AM<br \/>\nSubject: De Silvio Rodriguez, CUBA<!--more--><\/p>\n<p>Sr. Director de El Pa\u00eds:<\/p>\n<p>Le remito un breve art\u00edculo de opini\u00f3n que se suma al debate sobre la llamada plataforma para democratizar\u00a0\u00a0 a Cuba,\u00a0\u00a0\u00a0 en el\u00a0\u00a0 que han intervenido los escritores Arturo Arango y Rosa Montero. Mi intenci\u00f3n es que lo publique, si lo tiene a bien.<\/p>\n<p>Muchas gracias por su atenci\u00f3n. Cordialmente,<br \/>\nSilvio Rodr\u00edguez Dom\u00ednguez, trovador cubano.<\/p>\n<p><strong><span style=\"text-decoration: underline;\">Cortina de Albahaca<\/span><\/strong><\/p>\n<p style=\"text-align: justify;\">Seg\u00fan \u00e9l coment\u00f3 a Cubadebate, \u201choy por la ma\u00f1ana recib\u00ed la siguiente respuesta de El Pa\u00eds: \u2018Recibido. Un saludo\u2019 y despu\u00e9s un mach\u00f3n oficial que dice que est\u00e1n en su derecho cambiar y reducir los art\u00edculos no solicitados, etc, etc. Yo creo que hice bien en darle otro camino\u201d. Y aqu\u00ed est\u00e1.<\/p>\n<p>Un grupo de artistas y escritores espa\u00f1oles ha lanzado una plataforma para democratizar a Cuba. Y cuando un cubano opina diferente, decretan que sus argumentos son cortinas de humo de la dictadura que padece y lo comparan con los franquistas. Pero los dioses parecen haberles castigado. Porque, precisamente por haberse atrevido a investigar los cr\u00edmenes del franquismo, el Consejo General del Poder Judicial acaba de suspender al juez Baltasar Garz\u00f3n de la Audiencia Nacional de Espa\u00f1a. Esta sentencia es un golpe dur\u00edsimo a una democracia desde la que se pretende juzgar o mandar a juzgar los supuestos defectos ajenos, pero ojo con quien toque a los propios.<\/p>\n<p>El veto a Garz\u00f3n, considerado un h\u00e9roe, ocurre en el mismo pa\u00eds que hace pocos a\u00f1os dio al mundo una verdadera lecci\u00f3n de democracia, al votar contra el partido gobernante que los meti\u00f3 en una guerra injusta, haciendo o\u00eddos sordos a enormes manifestaciones populares. Personalmente no me explico c\u00f3mo estas personalidades han llegado a la conclusi\u00f3n de que la pol\u00edtica hacia Cuba debe ser la del aislamiento y el bloqueo. Es como si desconocieran que hace medio siglo esa misma pol\u00edtica no ha logrado mover ni un mil\u00edmetro la determinaci\u00f3n de la mayor\u00eda de los cubanos.<\/p>\n<p>Por otra parte, los cubanos tambi\u00e9n queremos cambios, pero consensuados por nosotros. Esas transformaciones ocurrir\u00e1n m\u00e1s temprano o m\u00e1s tarde y la \u00fanica pol\u00edtica capaz de acelerarlas es el fin del bloqueo. Todo lo que se nos haga con asedio y presiones no podremos considerarlo a nuestro favor, sino como un insulto a nuestra autodeterminaci\u00f3n, una injerencia inadmisible en nuestras vidas. Tantas agresiones y amenazas nos han ense\u00f1ado que la supervivencia pasa por una sociedad org\u00e1nica, \u00edntegra, indivisible. As\u00ed hemos salido airosos de embates artificiales y naturales. Pero sabemos que somos el resultado de un apremio, por vivir acosados. No creemos en un gobierno centralizado para siempre. M\u00e1s bien solemos verlo como un concepto de emergencia, un mal necesario que el camino de la emancipaci\u00f3n nacional nos ha impuesto para sobrevivir. El fin del bloqueo nos despejar\u00e1 profundamente, creando condiciones para que avancemos tambi\u00e9n en el concepto democr\u00e1tico. Subrayo que no quiero decir que s\u00f3lo sin el bloqueo seremos m\u00e1s democr\u00e1ticos, sino que estoy seguro de que as\u00ed lo conseguiremos m\u00e1s pronto.<\/p>\n<p>La flamante plataforma propone aislar a\u00fan m\u00e1s a Cuba y agravar nuestra ya precaria econom\u00eda. Pretende convencer al mundo de que la asfixia resolver\u00e1 nuestros problemas. Su hipot\u00e9tico \u00e9xito significar\u00eda mucho m\u00e1s sufrimiento para nuestro pueblo, que lleva medio siglo enfrentando todo tipo de dificultades. Nuestra larga experiencia en \u201cpropuestas\u201d for\u00e1neas nos dice que esta acci\u00f3n no es m\u00e1s que un nuevo artilugio para obligarnos a hacer lo que otros consideran que debemos hacer. Partiendo de que se trata de personas bien intencionadas, no s\u00e9 c\u00f3mo no entienden la ofensa de pretender que nos volvamos como ellos, con las reservas que despiertan esas democracias de banqueros ladrones y ej\u00e9rcitos ocupantes. Para colmo, cuando respondemos que no estamos de acuerdo, pretenden negarnos el derecho a que se nos escuche, porque todo lo que no razone como ellos -dicen- viene contaminado de dictadura.<\/p>\n<p>Capitaneados por un gran escritor peruano con un largo historial reaccionario, ciertos intelectuales espa\u00f1oles han decidido gastar m\u00e1s horas elucubrando c\u00f3mo hacernos da\u00f1o que investigando hasta qu\u00e9 punto viven en una democracia. Algunos parecen m\u00e1s preocupados por Orlando Zapata -un hombre que tuvo el valor de escoger su propia muerte y enfrentarla- , que de los m\u00e1s de cien mil espa\u00f1oles asesinados en la era de Franco. Es triste ver lo poco que les interesa profundizar en la realidad cubana, cuando sus conclusiones son las mismas que las de los peores enemigos de nuestra dignidad. Por eso acabo admitiendo que esta p\u00e1gina efectivamente es una cortina, no de humo pero s\u00ed de albahaca, contra la fetidez de su pretendida salvaci\u00f3n.<\/p>\n<p>Silvio Rodr\u00edguez Dom\u00ednguez,<br \/>\nLa Habana, 15 de mayo, 2010.<\/p>\n<p><object classid=\"clsid:d27cdb6e-ae6d-11cf-96b8-444553540000\" width=\"640\" height=\"385\" codebase=\"http:\/\/download.macromedia.com\/pub\/shockwave\/cabs\/flash\/swflash.cab#version=6,0,40,0\"><param name=\"allowFullScreen\" value=\"true\" \/><param name=\"allowScriptAccess\" value=\"always\" \/><param name=\"src\" value=\"http:\/\/www.youtube.com\/v\/BHQvyifbRfw&amp;color1=0xb1b1b1&amp;color2=0xd0d0d0&amp;hl=es_ES&amp;feature=player_embedded&amp;fs=1\" \/><param name=\"allowfullscreen\" value=\"true\" \/><embed type=\"application\/x-shockwave-flash\" width=\"640\" height=\"385\" src=\"http:\/\/www.youtube.com\/v\/BHQvyifbRfw&amp;color1=0xb1b1b1&amp;color2=0xd0d0d0&amp;hl=es_ES&amp;feature=player_embedded&amp;fs=1\" allowscriptaccess=\"always\" allowfullscreen=\"true\"><\/embed><\/object><\/p>\n<p><object classid=\"clsid:d27cdb6e-ae6d-11cf-96b8-444553540000\" width=\"640\" height=\"385\" codebase=\"http:\/\/download.macromedia.com\/pub\/shockwave\/cabs\/flash\/swflash.cab#version=6,0,40,0\"><param name=\"allowFullScreen\" value=\"true\" \/><param name=\"allowscriptaccess\" value=\"always\" \/><param name=\"src\" value=\"http:\/\/www.youtube.com\/v\/lMStIIqlg5U&amp;hl=es_ES&amp;fs=1&amp;\" \/><param name=\"allowfullscreen\" value=\"true\" \/><embed type=\"application\/x-shockwave-flash\" width=\"640\" height=\"385\" src=\"http:\/\/www.youtube.com\/v\/lMStIIqlg5U&amp;hl=es_ES&amp;fs=1&amp;\" allowfullscreen=\"true\" allowscriptaccess=\"always\"><\/embed><\/object><\/p>\n<p><object classid=\"clsid:d27cdb6e-ae6d-11cf-96b8-444553540000\" width=\"640\" height=\"385\" codebase=\"http:\/\/download.macromedia.com\/pub\/shockwave\/cabs\/flash\/swflash.cab#version=6,0,40,0\"><param name=\"allowFullScreen\" value=\"true\" \/><param name=\"allowScriptAccess\" value=\"always\" \/><param name=\"src\" value=\"http:\/\/www.youtube.com\/v\/QIBStxshHeA&amp;color1=0xb1b1b1&amp;color2=0xd0d0d0&amp;hl=es_ES&amp;feature=player_embedded&amp;fs=1\" \/><param name=\"allowfullscreen\" value=\"true\" \/><embed type=\"application\/x-shockwave-flash\" width=\"640\" height=\"385\" src=\"http:\/\/www.youtube.com\/v\/QIBStxshHeA&amp;color1=0xb1b1b1&amp;color2=0xd0d0d0&amp;hl=es_ES&amp;feature=player_embedded&amp;fs=1\" allowscriptaccess=\"always\" allowfullscreen=\"true\"><\/embed><\/object><\/p>\n<p><a href=\"https:\/\/elpobrecitohablador.es\/wordpress\/wp-content\/uploads\/2010\/06\/Dibuix.jpg\" rel=\"lightbox[508]\"><img loading=\"lazy\" decoding=\"async\" style=\"margin: 15px;\" title=\"Dibuix\" src=\"https:\/\/elpobrecitohablador.es\/wordpress\/wp-content\/uploads\/2010\/06\/Dibuix-150x150.jpg\" alt=\"\" width=\"150\" height=\"150\" \/><\/a><\/p>\n<h2>Cuba: Seg\u00fan UNICEF pa\u00eds latinoamericano con mejor calidad para la infancia.<\/h2>\n<p style=\"text-align: justify;\">En los \u00faltimos a\u00f1os Cuba alcanz\u00f3 resultados positivos en importantes indicadores referentes a la protecci\u00f3n de la infancia, lo que la convierte en el pa\u00eds de Am\u00e9rica Latina con mejor calidad de vida para los ni\u00f1os. En el planeta, millones de menores sufren la falta de escolarizaci\u00f3n y de vacunaci\u00f3n contra enfermedades prevenibles, adem\u00e1s de ser v\u00edctimas de explotaci\u00f3n laboral y sexual en las redes internacionales de prostituci\u00f3n, ninguno es cubano, afirm\u00f3 Jos\u00e9 Juan Ortiz, representante del Fondo de las Naciones Unidas para la Infancia (UNICEF) en la isla caribe\u00f1a.<\/p>\n<p style=\"text-align: justify;\">Hoy tenemos esos temas pendientes en muchas partes del mundo, y por tal raz\u00f3n no podemos estar satisfechos y debemos seguir denunciando todos los a\u00f1os la vulnerabilidad infantil, dijo.<\/p>\n<p style=\"text-align: justify;\">Por tanto, en los \u00e1mbitos cuantitativo y cualitativo puede decirse que la Convenci\u00f3n de los Derechos del Ni\u00f1o se aplica muy bien en Cuba, hoy un ejemplo para Latinoam\u00e9rica, asegur\u00f3 Ortiz a la televisi\u00f3n local.<\/p>\n<p style=\"text-align: justify;\">Es cierto que todo es perfeccionable y en eso influye el trabajo de la UNICEF en la naci\u00f3n caribe\u00f1a junto al Gobierno, dijo el funcionario, quien enfatiz\u00f3 que la mayor de las Antillas es el mejor de todos lo pa\u00edses de la regi\u00f3n, de ah\u00ed que sea el para\u00edso de la infancia en Am\u00e9rica Latina.<\/p>\n<p style=\"text-align: justify;\">En su intervenci\u00f3n en el III Encuentro Internacional sobre Protecci\u00f3n Jur\u00eddica de los Derechos del Menor, efectuado en esta capital, Ortiz subray\u00f3 que la isla a pesar del subdesarrollo econ\u00f3mico es un paradigma en la aplicaci\u00f3n de la Convenci\u00f3n de los Derechos del Ni\u00f1o.<\/p>\n<p style=\"text-align: justify;\">Ortiz enfatiz\u00f3 que Cuba no es un pa\u00eds rico, pero esto no interfiere en su empe\u00f1o por garantizar la protecci\u00f3n a la infancia, algo posible gracias a la voluntad pol\u00edtica de las autoridades de la mayor de las Antillas.<\/p>\n<p style=\"text-align: justify;\">No se trata de una cuesti\u00f3n de recursos financieros, si existe voluntad este compromiso se convierte en prioridad; es as\u00ed como funciona en la naci\u00f3n caribe\u00f1a, destac\u00f3 el funcionario de la UNICEF.<\/p>\n<p style=\"text-align: justify;\">Ortiz record\u00f3 que de los m\u00e1s de un mill\u00f3n de menores detenidos en el mundo, a m\u00e1s de la mitad no se le ha efectuado juicio alguno.<\/p>\n<p style=\"text-align: justify;\">Debemos estimular a que todos los gobiernos se comprometan en la protecci\u00f3n de los derechos de la infancia; si se violan los derechos de un ni\u00f1o en un pa\u00eds, se viola el derecho de todos los ni\u00f1os del planeta, enfatiz\u00f3.<\/p>\n<p style=\"text-align: justify;\">Un nuevo C\u00f3digo de la Familia<\/p>\n<p style=\"text-align: justify;\">La protecci\u00f3n y respeto a los derechos de los menores y adolescentes sigue siendo hoy una prioridad del Gobierno de Cuba, de ah\u00ed que las autoridades trabajen en la modificaci\u00f3n del C\u00f3digo de Familia.<\/p>\n<p style=\"text-align: justify;\">Esta norma estar\u00e1 dirigida a adecuar sus preceptos a los principios de la Convenci\u00f3n de los Derechos del Ni\u00f1o, y a todo lo establecido por el derecho internacional contra la discriminaci\u00f3n de la mujer.<\/p>\n<p style=\"text-align: justify;\">Con este fin se elabora un anteproyecto de C\u00f3digo de Familia; en tal empe\u00f1o laboran la Sociedad Cubana de Derecho Civil y de Familia, la Uni\u00f3n Nacional de Juristas de Cuba y la Federaci\u00f3n de Mujeres Cubanas.<\/p>\n<p style=\"text-align: justify;\">La nueva Ley -explic\u00f3- debe establecer expresamente los derechos que tendr\u00edan los ni\u00f1os sujetos al r\u00e9gimen de patria potestad, aspecto no contenido de manera expl\u00edcita en la norma actual.<\/p>\n<p style=\"text-align: justify;\">Entre esos se pueden mencionar el derecho a la protecci\u00f3n frente a la violencia sicol\u00f3gica y f\u00edsica, abuso sexual, trato negligente y explotaci\u00f3n.<\/p>\n<p style=\"text-align: justify;\">El documento promueve la activa interacci\u00f3n de los ni\u00f1os en la vida familiar y la posibilidad de defender sus criterios, ser escuchados y recibir argumentos convincentes sobre cualquier situaci\u00f3n.<\/p>\n<p style=\"text-align: justify;\">Una de las novedades del futuro C\u00f3digo de Familia ser\u00e1 una regulaci\u00f3n para los padres, con el deber de educar siempre a sus hijos con m\u00e9todos y maneras moderados, es decir, sin acudir a la violencia f\u00edsica, maltrato psicol\u00f3gico, ni tratos humillantes, enfatiz\u00f3 la funcionaria de la FMC.<\/p>\n<p style=\"text-align: justify;\">El anteproyecto en estudio tambi\u00e9n establece la remisi\u00f3n a la ley penal a los casos de padres que por diferentes razones incumplan con sus deberes o aquellos que se extralimitan en la correcci\u00f3n de sus hijos.<\/p>\n<p style=\"text-align: justify;\">De acuerdo con la Fiscal\u00eda General de la Rep\u00fablica de Cuba la realidad de los menores cubanos es totalmente ventajosa porque la protecci\u00f3n de sus derechos comienza desde la concepci\u00f3n.<\/p>\n<p style=\"text-align: justify;\">El esquema nacional de salud garantiza a todas las madres una atenci\u00f3n especializada durante la gestaci\u00f3n y despu\u00e9s del nacimiento asegura que los infantes sean vacunados de manera gratuita contra m\u00e1s de 10 enfermedades.<\/p>\n<p style=\"text-align: justify;\">Cuba cuenta con el mayor porcentaje de maestros e instructores por habitantes, lo cual permite desde la edad preescolar que los ni\u00f1os asistan a las escuelas y c\u00edrculos infantiles (guarder\u00edas), donde se garantiza su formaci\u00f3n integral.<\/p>\n<p>\u00a0<\/p>\n<h2><a href=\"https:\/\/elpobrecitohablador.es\/wordpress\/wp-content\/uploads\/2010\/06\/AFRICA_JUEGA.jpg\" rel=\"lightbox[508]\"><\/a><strong>\u00a1\u00a1GOL de Cuba en el Mundial de Sud\u00e1frica!! <\/strong><\/h2>\n<p>Andr\u00e9s Mar\u00ed | Para Kaos en la Red | Hoy a las 13:39 | 218 lecturas<\/p>\n<p style=\"text-align: justify;\">G\u00fastenos o no, pensemos lo que pensemos, y a pesar de todas las manipulaciones que los grandes medios hagan con el Mundial de Sud\u00e1frica, la celebraci\u00f3n futbol\u00edstica es un acontecimiento que no debemos obviar. M\u00e1s all\u00e1 de la alienaci\u00f3n con que los intereses capitalistas han convertido la fiesta del f\u00fatbol, nunca podremos olvidar el arraigo de \u00e9sta en las grandes masas populares, y son \u00e9stas la esencia vital de nuestras luchas. Por ello pienso que debemos seguir imaginando los aportes que podr\u00edamos extraerle a este evento.<\/p>\n<p style=\"text-align: justify;\">Puede ser deseando que gane la Rep\u00fablica Popular y Democr\u00e1tica de Corea. Es s\u00f3lo un deseo para trasmitir otras cosas, como nos comentaba An\u00edbal. Puede ser aclarando principios, dignidad e inteligencia, como nos ped\u00eda Manel. Puede ser de m\u00faltiples maneras, porque s\u00f3lo es posible concentrar esperanzado, o reunir, el debate de izquierda ante lo que \u201cexiste\u201d ahora mismo en nuestro mundo globalizado cuando asumimos los retos del poder que nos imponen los grandes medios. Ignorarlos ser\u00eda una ingenuidad.<\/p>\n<p style=\"text-align: justify;\">No nos enga\u00f1emos. Los pueblos, infantilizados, no consultan mayoritariamente las v\u00edas alternativas de informaci\u00f3n. No obstante, ello no significa que todas las personas\u00a0 sean siervas del capital, no, no son lacayos, sencillamente son lo que pueden, y nosotros estamos obligados a marchar con ellos y ofrecerles, con nuestra proverbial humildad, y hasta en nuestra m\u00e1s grande limitaci\u00f3n, lo que podamos, todo lo que podamos, como un intento, aunque tambi\u00e9n pueda ser infantil, donde podamos imaginar alg\u00fan acercamiento. Nunca debemos olvidar que tambi\u00e9n nosotros somos ni\u00f1os en nuestras luchas.<\/p>\n<p style=\"text-align: justify;\">Quiz\u00e1s sea un acierto que nos llenemos de noticias sobre el Mundial, de nuestro Mundial, como ya han hecho muchos compa\u00f1eros aqu\u00ed mismo en Kaos. Tal vez, no hay nada seguro, que ello sea una v\u00eda para \u201cexistir un poco m\u00e1s\u201d en estos momentos donde el imaginario mundial est\u00e1 pendiente de lo que sucede en Sud\u00e1frica.<\/p>\n<p style=\"text-align: justify;\">Creo ver una muestra de ello en el art\u00edculo publicado en el peri\u00f3dico Granma, de Cuba, por el periodista Oscar S\u00e1nchez Serra. Por creer algo en esas posibilidades me remito a transcribir una buena parte de lo escrito en el matutino cubano:<\/p>\n<p style=\"text-align: justify;\">\u201cEl 26 de julio de 1991 el destacado luchador africano Nelson Mandela le dijo al pueblo cubano, en la ciudad de Matanzas:<\/p>\n<p style=\"text-align: justify;\">El pueblo cubano ocupa un lugar especial en el coraz\u00f3n de los pueblos de \u00c1frica&#8230; Su invariable compromiso con la erradicaci\u00f3n sistem\u00e1tica del racismo no tiene paralelo&#8230; \u00bfQu\u00e9 otro pa\u00eds puede mostrar una historia de mayor desinter\u00e9s que la que ha exhibido Cuba en sus relaciones con \u00c1frica?&#8230; Nosotros en \u00c1frica estamos acostumbrados a ser v\u00edctimas de otros pa\u00edses que quieren desgajar nuestro territorio o subvertir nuestra soberan\u00eda. En la historia de \u00c1frica no existe otro caso de un pueblo que se haya alzado en defensa de uno de nosotros.<\/p>\n<p style=\"text-align: justify;\">Y a\u00f1ad\u00eda Mandela: La presencia de ustedes y el refuerzo enviado para la batalla de Cuito Cuanavale tienen una importancia verdaderamente hist\u00f3rica&#8230; \u00a1La aplastante derrota del ej\u00e9rcito racista en Cuito Cuanavale constituy\u00f3 una victoria para toda \u00c1frica!&#8230; \u00a1Esa contundente derrota del ej\u00e9rcito racista en Cuito Cuanavale dio la posibilidad a Angola de disfrutar de la paz y consolidar su propia soberan\u00eda!&#8230; \u00a1La derrota del ej\u00e9rcito racista le permiti\u00f3 al pueblo combatiente de Namibia alcanzar finalmente su independencia!&#8230; \u00a1La derrota del ej\u00e9rcito del apartheid sirvi\u00f3 de inspiraci\u00f3n al pueblo combatiente de Sud\u00e1frica!&#8230; \u00a1Sin la derrota infligida en Cuito Cuanavale nuestras organizaciones no hubieran sido legalizadas!&#8230; \u00a1Cuito Cuanavale marca un hito en la historia de la lucha por la liberaci\u00f3n del \u00c1frica austral!&#8230; \u00a1Cuito Cuanavale marca un viraje en la lucha por librar al continente y a nuestro pa\u00eds del azote del apartheid!<\/p>\n<p style=\"text-align: justify;\">Entonces, entre tantas otras cosas m\u00e1s de lo dicho por Mandela, podemos inferir\u00a0 que \u00c1frica no tendr\u00eda un mundial de f\u00fatbol y seguir\u00eda separada de toda organizaci\u00f3n deportiva internacional si no se hubiera acabado con tan repudiable pol\u00edtica.<\/p>\n<p style=\"text-align: justify;\">Por eso, nos sentimos parte de la alegr\u00eda que brinda la fiesta sudafricana, porque con toda humildad, cuando disfrutemos de cada uno de los 64 partidos del Mundial sentiremos satisfacci\u00f3n de saber que por all\u00ed andar\u00e1 el gran gol de Cuba.<\/p>\n<p style=\"text-align: justify;\">Fidel nos dec\u00eda el 2 de diciembre de 2005: \u00abCuba cumpli\u00f3 con lo que dijera el insigne l\u00edder del anticolonialismo Am\u00edlcar Cabral: \u2018Los combatientes cubanos est\u00e1n dispuestos a sacrificar sus vidas por la liberaci\u00f3n de nuestros pa\u00edses, y a cambio de esa ayuda a nuestra libertad y al progreso de nuestra poblaci\u00f3n lo \u00fanico que se llevar\u00e1n de nosotros son los combatientes que cayeron luchando por la libertad\u00bb.<\/p>\n","protected":false},"excerpt":{"rendered":"<p>En Esta Secci\u00f3n recogeremos las joyas que con respecto a cuba y la democracia, nos demuestran como nos cuentan todo al rev\u00e9s. La carta de Silvio Rodr\u00edguez al diario espa\u00f1ol \u00abEl Pa\u00eds\u00bb El cantautor cubano Silvio Rodr\u00edguez envi\u00f3 este art\u00edculo hace varios d\u00edas al diario El Pa\u00eds, de Espa\u00f1a. Su misiva a la direcci\u00f3n del [&hellip;]<\/p>\n","protected":false},"author":290,"featured_media":0,"parent":0,"menu_order":0,"comment_status":"closed","ping_status":"closed","template":"","meta":{"footnotes":""},"class_list":["post-508","page","type-page","status-publish","hentry"],"_links":{"self":[{"href":"https:\/\/elpobrecitohablador.es\/wordpress\/wp-json\/wp\/v2\/pages\/508","targetHints":{"allow":["GET"]}}],"collection":[{"href":"https:\/\/elpobrecitohablador.es\/wordpress\/wp-json\/wp\/v2\/pages"}],"about":[{"href":"https:\/\/elpobrecitohablador.es\/wordpress\/wp-json\/wp\/v2\/types\/page"}],"author":[{"embeddable":true,"href":"https:\/\/elpobrecitohablador.es\/wordpress\/wp-json\/wp\/v2\/users\/290"}],"replies":[{"embeddable":true,"href":"https:\/\/elpobrecitohablador.es\/wordpress\/wp-json\/wp\/v2\/comments?post=508"}],"version-history":[{"count":12,"href":"https:\/\/elpobrecitohablador.es\/wordpress\/wp-json\/wp\/v2\/pages\/508\/revisions"}],"predecessor-version":[{"id":535,"href":"https:\/\/elpobrecitohablador.es\/wordpress\/wp-json\/wp\/v2\/pages\/508\/revisions\/535"}],"wp:attachment":[{"href":"https:\/\/elpobrecitohablador.es\/wordpress\/wp-json\/wp\/v2\/media?parent=508"}],"curies":[{"name":"wp","href":"https:\/\/api.w.org\/{rel}","templated":true}]}}