{"id":495,"date":"2010-05-24T15:59:24","date_gmt":"2010-05-24T14:59:24","guid":{"rendered":"http:\/\/elpobrecitohablador.es\/wordpress\/?page_id=495"},"modified":"2010-07-11T11:18:35","modified_gmt":"2010-07-11T10:18:35","slug":"bolivia-el-che-mas-vivo-que-nunca","status":"publish","type":"page","link":"https:\/\/elpobrecitohablador.es\/wordpress\/bolivia-el-che-mas-vivo-que-nunca\/","title":{"rendered":"El Che"},"content":{"rendered":"<p style=\"text-align: justify;\"><a href=\"https:\/\/elpobrecitohablador.es\/wordpress\/wp-content\/uploads\/2010\/05\/asesino_che.jpg\" rel=\"lightbox[495]\"><img loading=\"lazy\" decoding=\"async\" class=\"alignright size-thumbnail wp-image-496\" style=\"margin: 10px;\" title=\"asesino -che\" src=\"https:\/\/elpobrecitohablador.es\/wordpress\/wp-content\/uploads\/2010\/05\/asesino_che-150x150.jpg\" alt=\"asesino che\" width=\"150\" height=\"150\" srcset=\"https:\/\/elpobrecitohablador.es\/wordpress\/wp-content\/uploads\/2010\/05\/asesino_che-150x150.jpg 150w, https:\/\/elpobrecitohablador.es\/wordpress\/wp-content\/uploads\/2010\/05\/asesino_che-75x75.jpg 75w\" sizes=\"auto, (max-width: 150px) 100vw, 150px\" \/><\/a><\/p>\n<h2 style=\"text-align: justify;\"><strong>Bolivia, El Che m\u00e1s vivo que nunca.<\/strong><\/h2>\n<p style=\"text-align: justify;\">La jueza de medidas cautelares Betty Ya\u00f1iquez orden\u00f3 arresto domiciliario y arraigo en contra de ex general boliviano Gary Prado, quien salt\u00f3 a la fama tras capturar al guerrillero Ernesto \u201cChe\u201d Guevara en 1967, por supuesta complicidad con una banda terrorista internacional.<\/p>\n<p>El ex militar declar\u00f3 ayer, jueves, ante un fiscal y neg\u00f3 los cargos de complicidad con el grupo que supuestamente planeaba asesinar al presidente Evo Morales e instaurar un estado independiente en Bolivia.<\/p>\n<hr style=\"text-align: justify;\" \/>\n<p style=\"text-align: justify;\"><strong>As\u00ed informaba el diario P\u00e1gina 12 de Argentina acerca de este hecho<\/strong><br \/>\nGary Prado Salm\u00f3n qued\u00f3 en la historia al arrestar al Che y sus compa\u00f1eros. El militar retirado aparentemente serv\u00eda de asesor a una banda de mercenarios, liderada Eduardo R\u00f3zsa Flores.<\/p>\n<p>La jueza en lo Penal de La Paz, Betty Ya\u00f1\u00edquez, orden\u00f3 el arresto domiciliario del ex general Gary Prado Salm\u00f3n, el hombre responsable de la captura de Ernesto \u201cChe\u201d Guevara en 1967 en Bolivia. Adem\u00e1s detuvo a otras dos personas por sus presuntos v\u00ednculos con un grupo terrorista que habr\u00eda operado en la regi\u00f3n oriental de Bolivia en el 2008, un episodio que termin\u00f3 con la revelaci\u00f3n de un grupo de extrema derecha, con vinculaciones en el resto de Am\u00e9rica latina, incluidos ex carapintadas argentinos.<\/p>\n<p style=\"text-align: justify;\">Ya\u00f1\u00edquez orden\u00f3 tambi\u00e9n el arresto de Ronald Castedo, presunto presidente de la logia Caballeros del Oriente y ex gerente de la cooperativa telef\u00f3nica Cotas, de Santa Cruz, y de Juan Carlos Santisteban, jefe de la Falange Socialista Boliviana (FSB). La jueza dict\u00f3 la orden de arresto domiciliario despu\u00e9s de interrogarlos anoche en Santa Cruz, a mil kil\u00f3metros al sudeste de La Paz. Seg\u00fan explic\u00f3 la magistrada, los tres acusados se negaban a ir a esa ciudad a declarar con el argumento de que no se los permit\u00eda su estado de salud.<\/p>\n<p style=\"text-align: justify;\">Prado Salm\u00f3n, el hombre que qued\u00f3 en la historia al arrestar en el medio de la selva al Che y sus compa\u00f1eros, qued\u00f3 parapl\u00e9jico a mediados de la d\u00e9cada de los \u201980 tras recibir un disparo que le da\u00f1\u00f3 la columna vertebral durante un intento de golpe de Estado en Santa Cruz. El ex general hab\u00eda comandado las tropas que participaron en los \u00faltimos combates en \u00d1ancahuaz\u00fa y luego asesinaron al l\u00edder revolucionario en el humilde poblado de La Higuera en 1967.<\/p>\n<p style=\"text-align: justify;\">Ahora el militar retirado aparentemente serv\u00eda de asesor a una banda de mercenarios, liderada por el boliviano-croata Eduardo R\u00f3zsa Flores, con planes separatistas y de magnicidio de los principales dirigentes de este pa\u00eds andino, entre ellos el presidente Evo Morales. De acuerdo con la investigaci\u00f3n, a Prado Salm\u00f3n, uno de cuyos hijos tambi\u00e9n fue imputado por nexos con R\u00f3zsa Flores, se lo acusa de sostener contactos con el l\u00edder de la banda de extremistas.<\/p>\n<p style=\"text-align: justify;\">En el operativo del 16 de abril de 2009, adem\u00e1s de R\u00f3zsa Flores, murieron sus colaboradores Arp\u00e1d Magyarosi (h\u00fangaro-croata) y Michael Martin Dwyer (irland\u00e9s). El tiroteo en su habitaci\u00f3n de hotel en Santa Cruz revel\u00f3 una red de mercenarios, dirigentes de derecha latinoamericanos y hasta ex militares, como los carapintadas argentinos, que manten\u00edan v\u00ednculos estrechos y compart\u00edan una misma ideolog\u00eda. La investigaci\u00f3n llev\u00f3 a que el gobierno de Morales llamara a las embajadas de las personas involucradas o sospechosas de estar involucradas con los detenidos. Sin embargo, pruebas posteriores demostraron que R\u00f3zsa ten\u00eda planeado atentados tanto contra Morales, como contra las autoridades locales de Santa Cruz, rivales ac\u00e9rrimos del gobierno del l\u00edder ind\u00edgena.<\/p>\n<p style=\"text-align: justify;\">Dos d\u00edas despu\u00e9s de la muerte de los tres mercenarios fueron detenidos Mario Tadic (boliviano con pasaporte croata) y Elod T\u00f3\u00e1s\u00f3 (h\u00fangaro), quienes est\u00e1n en prisi\u00f3n preventiva en la ciudad de La Paz. La investigaci\u00f3n contin\u00faa en Bolivia y ya produjo varias detenciones de dirigentes c\u00edvicos (pro-autonom\u00eda) santacruce\u00f1os, sospechados de haber financiado y cooperado con los mercenarios.<\/p>\n<hr style=\"text-align: justify;\" \/>\n<p style=\"text-align: justify;\"><strong>El asesinato de Che<br \/>\n<\/strong><strong>Fuente: Radio La Habana &#8211; Cuba<\/strong><br \/>\n<strong>La Higuera &#8211; Bolivia<\/strong><br \/>\nHerido, con el arma inutilizada por un disparo y sin cargador en su pistola, el Comandante Ernesto Che Guevara es apresado, el ocho de octubre de 1967, durante el combate en la quebrada boliviana del Yuro. Cae en manos del ejercito. El alto mando decide fusilarlo de forma inmediata en La Higuera.<\/p>\n<p style=\"text-align: justify;\">El 9 de octubre, asesinan al Che, un soldado Boliviano hace el trabajo. Quienes lo asesinaron en una escuelita del poblado de la Higuera fracasaron al creer que, con su eliminaci\u00f3n f\u00edsica, desaparecer\u00edan el ejemplo y el pensamiento del Guerrillero Heroico<\/p>\n<p style=\"text-align: justify;\">El 12 de octubre de 1967, cae en Bolivia el combatiente internacionalista cubano Octavio de la Concepci\u00f3n y de la Pedraja, como parte de la guerrilla del Che.<\/p>\n<p style=\"text-align: justify;\">Junto al Moro tambi\u00e9n mueren los bolivianos Jaime Araya, Lucio Galv\u00e1n y Francisco Huanca.<\/p>\n<p style=\"text-align: justify;\">Luego de sobrevivir al combate de la Quebrada del Yuro -donde fue herido y apresado el Guerrillero Heroico-, de la Concepcion y sus compa\u00f1eros son sorprendidos por tropas del ejercito cuando se aprovisionaban de agua en las m\u00e1rgenes del r\u00edo Mizque, donde pierden la vida luego de una tenaz resistencia.<\/p>\n<p style=\"text-align: justify;\">15 de octubre.<\/p>\n<p style=\"text-align: justify;\">Fidel Castro confirma la muerte del Che en Bolivia<\/p>\n<p style=\"text-align: justify;\">Aunque la prensa internacional ofreci\u00f3 125.000 d\u00f3lares por el diario de Che en Bolivia, los revolucionarios bolivianos se aseguraron que este llegara a Cuba ese mismo a\u00f1o haciendo fallar el plan de la CIA para hacer propaganda anticomunista con copias adulteradas o falsas de las palabras del Che.<\/p>\n<p style=\"text-align: justify;\">En junio de 1968 aparece en La Habana la primera edici\u00f3n del Diario del Che en Bolivia. Y El 1 de Julio de 1968 el diario es publicado en Cuba y repartido en forma gratuita.<\/p>\n<p style=\"text-align: justify;\">El texto causa un esc\u00e1ndalo internacional por la forma que Bolivia y los EEUU tratan a los prisioneros de guerra. El ejemplo del Che inspira desde entonces a cientos de miles de j\u00f3venes del mundo.<\/p>\n<p style=\"text-align: justify;\">El 28 de junio de 1997 un grupo de expertos cubanos y argentinos descubre una fosa com\u00fan en Vallegrande (Bolivia) con los restos del Che y de otros 6 guerrilleros.<\/p>\n<p style=\"text-align: justify;\">Informaci\u00f3n publicada en el diario Granma el s\u00e1bado 12 de julio de 1997<\/p>\n<h5><strong><a href=\"https:\/\/elpobrecitohablador.es\/wordpress\/wp-content\/uploads\/2010\/05\/che1.jpg\" rel=\"lightbox[495]\"><img loading=\"lazy\" decoding=\"async\" class=\"alignleft size-thumbnail wp-image-500\" style=\"margin: 10px;\" title=\"che\" src=\"https:\/\/elpobrecitohablador.es\/wordpress\/wp-content\/uploads\/2010\/05\/che1-150x150.jpg\" alt=\"\" width=\"150\" height=\"150\" srcset=\"https:\/\/elpobrecitohablador.es\/wordpress\/wp-content\/uploads\/2010\/05\/che1-150x150.jpg 150w, https:\/\/elpobrecitohablador.es\/wordpress\/wp-content\/uploads\/2010\/05\/che1-75x75.jpg 75w\" sizes=\"auto, (max-width: 150px) 100vw, 150px\" \/><\/a>El asesino del Che, la Operaci\u00f3n Milagro y los m\u00e9dicos cubanos<\/strong><\/h5>\n<h6>Mario Ter\u00e1n, antiguo suboficial jubilado tristemente famoso por haber ejecutado al legendario guerrillero Ernesto Che Guevara el 9 de octubre de 1967 en la escuelita de La Higuera en Bolivia, viv\u00eda en el m\u00e1s completo anonimato en Santa Cruz.<\/h6>\n<h6><strong>Salim Lamrani<\/strong> |  \t\t\t\t\t\t\tPara Kaos en la Red<\/h6>\n<p>Mario Ter\u00e1n, antiguo suboficial jubilado tristemente famoso por haber ejecutado al legendario guerrillero Ernesto Che Guevara el 9 de octubre de 1967 en la escuelita de La Higuera en Bolivia, viv\u00eda en el m\u00e1s completo anonimato en Santa Cruz. Hundido totalmente en la indigencia, subsist\u00eda s\u00f3lo con su miserable pensi\u00f3n de antiguo soldado y hab\u00eda perdido la vista, v\u00edctima de una catarata que no hab\u00eda podido curar, por falta de recursos (1).<\/p>\n<p>En 2004 el presidente cubano Fidel Castro lanz\u00f3 una amplia campa\u00f1a humanitaria continental que lleva el nombre de Operaci\u00f3n Milagro, apoyada por Venezuela, que consiste en operar gratuitamente a los latinoamericanos pobres que sufren de cataratas y otras enfermedades oculares. En 30 meses, cerca de 600.000 personas de 28 pa\u00edses, incluso ciudadanos estadounidenses, recobraron la vista gracias al altruismo de los m\u00e9dicos cubanos. El objetivo anunciado es operar a 6 millones de personas para 2016 (2).<\/p>\n<p>La elecci\u00f3n de Evo Morales como presidente de la Rep\u00fablica de Bolivia en diciembre de 2005 y su voluntad de emprender una pol\u00edtica social destinada a mejorar el bienestar de una de las poblaciones m\u00e1s pobres del continente, ha permitido que los bolivianos accedieran al programa humanitario que lanz\u00f3 Cuba. Cerca de 110.000 bolivianos han podido recobrar la vista sin pagar un solo centavo (3).<\/p>\n<p>Entre \u00e9stos se encuentra Mario Ter\u00e1n, quien pudo deshacerse de su grave dolencia gracias a los m\u00e9dicos cubanos. Pablo Ortiz, periodista boliviano que trabaja para el diario <em>El Deber<\/em> de Santa Cruz, cont\u00f3 la historia: \u201cTer\u00e1n ten\u00eda problemas de cataratas y fue curado en la <a href=\"http:\/\/www.lostiempos.com\/noticias\/15-10-05\/15_10_05_nac7.php\" target=\"_blank\">Operaci\u00f3n Milagro<\/a>, por m\u00e9dicos cubanos, totalmente gratis\u201d. Luego dio m\u00e1s detalles: \u201cEl tipo es un perfecto desconocido. Nadie sabe qui\u00e9n es. Est\u00e1 en la ruina y se present\u00f3 en el hospital de Operaci\u00f3n Milagro, nadie lo reconoci\u00f3 y fue operado. Nos lo cont\u00f3 su propio hijo, que fue al diario para hacer un agradecimiento p\u00fablico [&#8230;] Fue en Agosto pasado [2006]\u201d (4).<\/p>\n<p>A veces la historia reserva algunas sorpresas. As\u00ed, el asesino del Che fue curado por m\u00e9dicos enviados por Fidel Castro, el m\u00e1s fiel e \u00edntimo compa\u00f1ero del \u201cguerrillero heroico\u201d. Ter\u00e1n debe su vista a los emisarios de la salud que siguen el ejemplo internacionalista del hombre a quien mat\u00f3.<\/p>\n<p>Seg\u00fan el antiguo agente de la CIA F\u00e9lix Rodr\u00edguez, que particip\u00f3 en la captura del Che, Ter\u00e1n se present\u00f3 voluntario para ejecutar al l\u00edder rebelde. Antes hab\u00eda asesinado a sangre fr\u00eda a todos los dem\u00e1s prisioneros (5). Pero frente al Che le falt\u00f3 el valor:<\/p>\n<p>\u201cCuando llegu\u00e9 al aula el Che estaba sentado en un banco. Al verme dijo:<\/p>\n<p>-Usted ha venido a matarme.<\/p>\n<p>Yo me sent\u00ed cohibido y baj\u00e9 la cabeza sin responder. Entonces me pregunt\u00f3:<\/p>\n<p>-\u00bfQu\u00e9 han dicho los otros?<\/p>\n<p>Le respond\u00ed que no hab\u00edan dicho nada, y \u00e9l coment\u00f3:<\/p>\n<p>-\u00a1Eran unos valientes!<\/p>\n<p>Yo no me atrev\u00eda a disparar. En ese momento vi al Che grande, muy grande, enorme. Sus ojos brillaban intensamente. Sent\u00ed que se me echaba encima y cuando me mir\u00f3 fijamente, me dio un mareo. Pens\u00e9 que con un movimiento r\u00e1pido, el Che podr\u00eda quitarme el arma.<\/p>\n<p>-P\u00f3ngase sereno \u2013me dijo\u2013 y apunte bien, \u00a1va usted a matar a un hombre!<\/p>\n<p>Entonces di un paso hacia atr\u00e1s, hacia el umbral de la puerta, cerr\u00e9 los ojos y dispar\u00e9 la primera r\u00e1faga [&#8230;]. Yo recobr\u00e9 el \u00e1nimo y dispar\u00e9 la segunda r\u00e1faga, que lo alcanz\u00f3 en un brazo, en el hombro y en el coraz\u00f3n. Ya estaba muerto\u201d (6).<br \/>\nEn v\u00edsperas del cuadrag\u00e9simo aniversario de su desaparici\u00f3n y a pesar de la execrable campa\u00f1a medi\u00e1tica internacional destinada a empa\u00f1ar la imagen de uno de los m\u00e1s grandes revolucionarios de la historia del siglo XX, el ejemplo del Che permanece \u201cgrande, muy grande, enorme\u201d y sigue brillando \u201cintensamente\u201d gracias al sacrificio de decenas de miles de m\u00e9dicos cubanos que, en el anonimato de su acci\u00f3n heroica por los cuatro puntos cardinales, persisten en la creencia de que otro mundo, menos cruel, es posible.<\/p>\n<p>Revisado por Caty R.<\/p>\n<p><span style=\"text-decoration: underline;\">Notas<\/span><\/p>\n<p>(1) H\u00e9ctor Arturo, \u00abChe vuelve a ganar otro combate\u00bb, <em>Granma<\/em>, 29 de septiembre de 2007.<\/p>\n<p>(2) <em>Operaci\u00f3n Milagro<\/em>, \u00abP\u00e1gina Principal\u00bb, 28 de septiembre de 2007. <span style=\"text-decoration: underline;\"><a href=\"http:\/\/www.operacionmilagro.org.ar\/\">http:\/\/www.operacionmilagro.org.ar\/<\/a><\/span> (sitio consultado el 30 de septiembre de 2007). Para los ciudadanos estadounidenses que se beneficiaron del programa humanitario v\u00e9ase <em>Prensa Latina<\/em>, \u00abOftalm\u00f3logo estadounidense reconoce valor de Operaci\u00f3n Milagro\u00bb, 19 de enero de 2007.<\/p>\n<p>(3) <em>Operaci\u00f3n Milagro<\/em>, \u00abBolivia. De las tinieblas a la luz: Operaci\u00f3n Milagro devolvi\u00f3 la vista a m\u00e1s de 108\u00a0 403 pacientes\u00bb, 28 de septiembre de 2007. <span style=\"text-decoration: underline;\"><a href=\"http:\/\/www.operacionmilagro.org.ar\/\">http:\/\/www.operacionmilagro.org.ar\/<\/a><\/span> (sitio consultado el 30 de septiembre de 2007).<\/p>\n<p>(4) Juan Pablo Meneses, \u00ab\u00a1Primicia Mundial! Entrevista a Pablo Ortiz\u00bb, <em>Cr\u00f3nicas Argentinas<\/em>, 11 de octubre de 2006.<\/p>\n<p>(5) Claudia M\u00e1rquez, \u00abEl Guerrero de las sombras. Entrevista a F\u00e9lix Rodr\u00edguez\u00bb, <em>El Veraz<\/em>, 19 de agosto de 2005.<\/p>\n<p>(6) Mario Ter\u00e1n, \u00abExtractos\u00bb, sin fecha. <span style=\"text-decoration: underline;\"><a href=\"http:\/\/fotolog.terra.com.ar\/desdelaterraza:26\">http:\/\/fotolog.terra.com.ar\/desdelaterraza:26<\/a><\/span> (sitio consultado el 30 de septiembre de 2007).<\/p>\n<p><strong>Salim Lamrani es profesor, escritor y periodista franc\u00e9s especialista de las relaciones entre Cuba y Estados Unidos. Ha publicado los libros: <em>Washington contre Cuba<\/em> (Pantin: Le Temps des Cerises, 2005), <em>Cuba face \u00e0 l\u2019Empire<\/em> (Gen\u00e8ve: Timeli, 2006) y <em>Fidel Castro, Cuba et les Etats-Unis<\/em> (Pantin: Le Temps des Cerises, 2006).<\/strong><\/p>\n<p><strong>Caty R. pertenece a los colectivos de Rebeli\u00f3n, Cubadebate y Tlaxcala. Esta traducci\u00f3n se puede reproducir libremente a condici\u00f3n de respetar su integridad y mencionar al autor, la revisora y la fuente.<\/strong><\/p>\n<div>Salim Lamrani en Kaos en la Red<\/div>\n<p><object classid=\"clsid:d27cdb6e-ae6d-11cf-96b8-444553540000\" width=\"480\" height=\"385\" codebase=\"http:\/\/download.macromedia.com\/pub\/shockwave\/cabs\/flash\/swflash.cab#version=6,0,40,0\"><param name=\"allowFullScreen\" value=\"true\" \/><param name=\"allowScriptAccess\" value=\"always\" \/><param name=\"src\" value=\"http:\/\/www.youtube.com\/v\/qLdNQRYtbUc&amp;color1=0xb1b1b1&amp;color2=0xd0d0d0&amp;hl=es_ES&amp;feature=player_embedded&amp;fs=1\" \/><param name=\"allowfullscreen\" value=\"true\" \/><embed type=\"application\/x-shockwave-flash\" width=\"480\" height=\"385\" src=\"http:\/\/www.youtube.com\/v\/qLdNQRYtbUc&amp;color1=0xb1b1b1&amp;color2=0xd0d0d0&amp;hl=es_ES&amp;feature=player_embedded&amp;fs=1\" allowscriptaccess=\"always\" allowfullscreen=\"true\"><\/embed><\/object><\/p>\n<p><object classid=\"clsid:d27cdb6e-ae6d-11cf-96b8-444553540000\" width=\"480\" height=\"385\" codebase=\"http:\/\/download.macromedia.com\/pub\/shockwave\/cabs\/flash\/swflash.cab#version=6,0,40,0\"><param name=\"allowFullScreen\" value=\"true\" \/><param name=\"allowScriptAccess\" value=\"always\" \/><param name=\"src\" value=\"http:\/\/www.youtube.com\/v\/huvrR8FCJpU&amp;color1=0xb1b1b1&amp;color2=0xd0d0d0&amp;hl=es_ES&amp;feature=player_embedded&amp;fs=1\" \/><param name=\"allowfullscreen\" value=\"true\" \/><embed type=\"application\/x-shockwave-flash\" width=\"480\" height=\"385\" src=\"http:\/\/www.youtube.com\/v\/huvrR8FCJpU&amp;color1=0xb1b1b1&amp;color2=0xd0d0d0&amp;hl=es_ES&amp;feature=player_embedded&amp;fs=1\" allowscriptaccess=\"always\" allowfullscreen=\"true\"><\/embed><\/object><\/p>\n<p><object classid=\"clsid:d27cdb6e-ae6d-11cf-96b8-444553540000\" width=\"480\" height=\"385\" codebase=\"http:\/\/download.macromedia.com\/pub\/shockwave\/cabs\/flash\/swflash.cab#version=6,0,40,0\"><param name=\"allowFullScreen\" value=\"true\" \/><param name=\"allowscriptaccess\" value=\"always\" \/><param name=\"src\" value=\"http:\/\/www.youtube.com\/v\/Agz3cYH_DPw&amp;hl=es_ES&amp;fs=1&amp;\" \/><param name=\"allowfullscreen\" value=\"true\" \/><embed type=\"application\/x-shockwave-flash\" width=\"480\" height=\"385\" src=\"http:\/\/www.youtube.com\/v\/Agz3cYH_DPw&amp;hl=es_ES&amp;fs=1&amp;\" allowscriptaccess=\"always\" allowfullscreen=\"true\"><\/embed><\/object><br \/>\n<object classid=\"clsid:d27cdb6e-ae6d-11cf-96b8-444553540000\" width=\"480\" height=\"385\" codebase=\"http:\/\/download.macromedia.com\/pub\/shockwave\/cabs\/flash\/swflash.cab#version=6,0,40,0\"><param name=\"allowFullScreen\" value=\"true\" \/><param name=\"allowscriptaccess\" value=\"always\" \/><param name=\"src\" value=\"http:\/\/www.youtube.com\/v\/MocvcsePEf0&amp;hl=es_ES&amp;fs=1&amp;\" \/><param name=\"allowfullscreen\" value=\"true\" \/><embed type=\"application\/x-shockwave-flash\" width=\"480\" height=\"385\" src=\"http:\/\/www.youtube.com\/v\/MocvcsePEf0&amp;hl=es_ES&amp;fs=1&amp;\" allowscriptaccess=\"always\" allowfullscreen=\"true\"><\/embed><\/object><\/p>\n<p><object classid=\"clsid:d27cdb6e-ae6d-11cf-96b8-444553540000\" width=\"480\" height=\"385\" codebase=\"http:\/\/download.macromedia.com\/pub\/shockwave\/cabs\/flash\/swflash.cab#version=6,0,40,0\"><param name=\"allowFullScreen\" value=\"true\" \/><param name=\"allowscriptaccess\" value=\"always\" \/><param name=\"src\" value=\"http:\/\/www.youtube.com\/v\/56Q8zXgR2HQ&amp;hl=es_ES&amp;fs=1&amp;\" \/><param name=\"allowfullscreen\" value=\"true\" \/><embed type=\"application\/x-shockwave-flash\" width=\"480\" height=\"385\" src=\"http:\/\/www.youtube.com\/v\/56Q8zXgR2HQ&amp;hl=es_ES&amp;fs=1&amp;\" allowscriptaccess=\"always\" allowfullscreen=\"true\"><\/embed><\/object><\/p>\n","protected":false},"excerpt":{"rendered":"<p>Bolivia, El Che m\u00e1s vivo que nunca. La jueza de medidas cautelares Betty Ya\u00f1iquez orden\u00f3 arresto domiciliario y arraigo en contra de ex general boliviano Gary Prado, quien salt\u00f3 a la fama tras capturar al guerrillero Ernesto \u201cChe\u201d Guevara en 1967, por supuesta complicidad con una banda terrorista internacional. El ex militar declar\u00f3 ayer, jueves, [&hellip;]<\/p>\n","protected":false},"author":290,"featured_media":0,"parent":0,"menu_order":0,"comment_status":"closed","ping_status":"closed","template":"","meta":{"footnotes":""},"class_list":["post-495","page","type-page","status-publish","hentry"],"_links":{"self":[{"href":"https:\/\/elpobrecitohablador.es\/wordpress\/wp-json\/wp\/v2\/pages\/495","targetHints":{"allow":["GET"]}}],"collection":[{"href":"https:\/\/elpobrecitohablador.es\/wordpress\/wp-json\/wp\/v2\/pages"}],"about":[{"href":"https:\/\/elpobrecitohablador.es\/wordpress\/wp-json\/wp\/v2\/types\/page"}],"author":[{"embeddable":true,"href":"https:\/\/elpobrecitohablador.es\/wordpress\/wp-json\/wp\/v2\/users\/290"}],"replies":[{"embeddable":true,"href":"https:\/\/elpobrecitohablador.es\/wordpress\/wp-json\/wp\/v2\/comments?post=495"}],"version-history":[{"count":8,"href":"https:\/\/elpobrecitohablador.es\/wordpress\/wp-json\/wp\/v2\/pages\/495\/revisions"}],"predecessor-version":[{"id":498,"href":"https:\/\/elpobrecitohablador.es\/wordpress\/wp-json\/wp\/v2\/pages\/495\/revisions\/498"}],"wp:attachment":[{"href":"https:\/\/elpobrecitohablador.es\/wordpress\/wp-json\/wp\/v2\/media?parent=495"}],"curies":[{"name":"wp","href":"https:\/\/api.w.org\/{rel}","templated":true}]}}