{"id":2,"date":"2010-03-29T20:22:07","date_gmt":"2010-03-29T19:22:07","guid":{"rendered":"http:\/\/elpobrecitohablador.es\/wordpress\/?page_id=2"},"modified":"2010-07-31T23:48:11","modified_gmt":"2010-07-31T22:48:11","slug":"about","status":"publish","type":"page","link":"https:\/\/elpobrecitohablador.es\/wordpress\/about\/","title":{"rendered":"Por qu\u00e9"},"content":{"rendered":"<p style=\"text-align: justify;\">Despues de leer algunos blogs, incluyendo alguno con igual nombre que   este, abandonado desde el 2005 y con temas cuasi intimistas, me  revolvi  en la silla incomada que me mantiene conectada a internet y me  propuse  aportar y sobre todo permitir aportar a otras\/os algo sobre el  mundo que  nos ha tocado vivir y sufrir con los valores larranianos de  la ironia,  ya que la verdad puede ser delictiva e incluso maldecidad,  perseguida y  cuando menos ocultada como excentricidades de algunos  iluminados.<\/p>\n<p><!-- \/Master --> <!-- Destacadas --><\/p>\n<h3><strong>\u00bfQue hemos hecho para seguir como hace 35 a\u00f1os?<\/strong><\/h3>\n<h6 style=\"text-align: justify;\">Como f\u00e1cilmente podemos deducir, j\u00f3venes o menos j\u00f3venes, que osen poner en cuesti\u00f3n al sacrosanto becerro del Capital, la monarcobober\u00eda y el imperialismo, son los m\u00e1ximos terroristas.<\/h6>\n<h6 style=\"text-align: justify;\"><strong>Andr\u00e9s Le\u00f3n Almeida<\/strong> |  \t\t\t\t\t\t\tCanarias Libre y Socialista |  \t\t\t\t\t28-11-2009 a las  17:49\t\t |\u00a0 www.kaosenlared.net\/noticia\/hemos-hecho-para-seguir-como-hace-35-anos<\/h6>\n<p style=\"text-align: justify;\">Saludamos el articulo en Kaos del camarada Pedro Gonz\u00e1lez C\u00e1novas, \u00a0   \u00ab<a href=\"http:\/\/www.kaosenlared.net\/noticia\/papel-de-clase-obrera-canaria\">El papel de la clase obrera canaria<\/a>\u00ab, efectivamente la clase obrera canaria y las del resto del estado borb\u00f3nico que nos oprime, tiene la capacidad de subvertir el actual orden can\u00edbal imperante por otro que sea de verdad humano, al menos en la acepci\u00f3n actual del humanismo, que no el\u00a0 de las mujeres y hombres nuevos que surgir\u00e1n de las cenizas del canibalismo actual, que son inimaginables por las preclarisimas mentes actuales del stablishment pol\u00edtico y sindical, y meras elucubraciones para los que nos reclamamos del comunismo.<\/p>\n<p style=\"text-align: justify;\">Con pocos esfuerzos de creatividad podr\u00edamos afirmar que las generaciones futuras nos ver\u00e1n como la peor plaga sufrida por el planeta y la propia especie, que despreciando los m\u00ednimos conocimientos elementales de las ciencias biol\u00f3gicas, sociales, evolutivas, etc. \u00a0 del estado actual del conocimiento, masacra a lo mejor de su propia especie en un fest\u00edn de luces leds de bajo consumo, barcos de armadores armados esquilmando aguas que sus nativos abandonan a remo \u00a0 y los j\u00f3venes que lo denuncian con m\u00e1s coraje, a la c\u00e1rcel, incomunicados y acusados de aterrorizar, \u00bfa quien?\u00bf a quienes?, desde luego que no ser\u00e1 a los somal\u00edes, ugandeses, saharauis y resto de africanos, ayer vendidos como esclavos y esquilmado su continente y hoy arrojados por la borda de las pateras.<\/p>\n<p style=\"text-align: justify;\">Como f\u00e1cilmente podemos deducir, j\u00f3venes o menos j\u00f3venes, que osen poner en cuesti\u00f3n al sacrosanto becerro del Capital, la monarcobober\u00eda y el imperialismo, son los m\u00e1ximos terroristas.<\/p>\n<p style=\"text-align: justify;\">Los del norte derroch\u00f3n, can\u00edbal, ah\u00edto frente al sur miserable, desertizado y condenado a nutrir de mano de obra barata a las marcas que calzan sus pies delicados de rubitos mimosos, se convierte en los adalides del pacifismo.<\/p>\n<p style=\"text-align: justify;\">Como acertadamente se\u00f1alas, esto solo es posible gracias a los est\u00f3magos agradecidos \u00a0 de gente que quiere estar pa las buenas y no pa las malas, pero a\u00fan as\u00ed las malas est\u00e1n en la propia din\u00e1mica del canibalismo, que solo dejara de ser letal cuando, los hoy simple comida del norte opulento, se percaten de que lo \u00fanico que impedir\u00e1 seguir siendo devorados es acabar con los can\u00edbales, esto que parece de ciencia ficci\u00f3n se puede convertir en realidad si los que no somos can\u00edbales apostamos de verdad y de una vez por todas por no ser can\u00edbales en ning\u00fan caso ni momento, trazando la l\u00ednea clara entre unos y otros, capitalistas y trabajadores.<\/p>\n<p style=\"text-align: justify;\">Por tanto lo que tod@s sabemos que sin trabajo no hay capital, convirt\u00e1moslo en realidad y seamos de verdad el eje central del planeta, acabando con los par\u00e1sitos ej\u00e9rcitos, capitalistas, m\u00e1s mierdas, partiditos y sindicatitos al servicio de los can\u00edbales, por lo que la tarea es, todos los anticapitalistas de un lado y el resto de otro.<\/p>\n<p style=\"text-align: justify;\">\u00bfCuantos seriamos de cada lado?, por goleado vencer\u00edamos, pero el nudo gordiano es que el valor de los valores es: \u00abLa Libertad Individual\u00bb y no la \u00abLibertad-Solidaria\u00bb, por la primera existen tantos partiditos y sindicatitos anticapitalistas como la Libertad Individualista preconiza, uno por obrero.<\/p>\n<p style=\"text-align: justify;\">Por la segunda arg\u00fcir\u00edamos que un solo partido o sindicato de trabajadores que dejara en rid\u00edculo a los capitostes y sus lacayos, conviviendo armoniosamentre las miles, millones de individualidades no capitalistas con sus respectivos matices, vivencias, experiencias o visiones de la futura autentica humanidad que pueda surgir del exterminio del Capitalismo y con la mayor unidad posible, \u00fanica capaz de llevarnos a un estado superior de evoluci\u00f3n humana, como ha sucedido en cada gran transici\u00f3n hist\u00f3rica de nuestra especie.<\/p>\n<p style=\"text-align: justify;\">A\u00f1ad\u00e1mosles la alienaci\u00f3n y tenemos la respuesta a \u00bfQue hemos hecho para seguir como hace 35 a\u00f1os?, no combatir por la unidad de los trajador@s como algo imprescindible y no ser de verdad organizaciones solidarias, con cada trabajad@r y cada pueblo.<\/p>\n<p style=\"text-align: justify;\">Con toda la solidaridad que desde canarias hemos prestado al Sahara y vemos al MORO sin tino, preguntando si tenemos otra soluci\u00f3n para Aminetu, claro que si se\u00f1or Ministro, el reconocimiento inmediato del derecho de autodeterminaci\u00f3n de cualquier pueblo y al menos la misma diligencia en hacer cumplir la leyes internacionales con este derecho b\u00e1sico como lo hicieron en Afganist\u00e1n, Irak, Kosovo, y tantos otros.<\/p>\n<p style=\"text-align: justify;\">Termino optimista por racionalidad frente al pesimismo real, pues viendo el panorama de desinformaci\u00f3n con poqu\u00edsimas ganas de conocer la realidad para poder cambiarla que soportamos actualmente en canarias con respecto al pueblo saharaui y el vasco, lo m\u00e1s cercanos, con los lejanos hasta guevaristas si hace falta; ceguera que nos impide desatar la solidaridad entre los oprimidos de nuestro pueblo, que acabe con el estado opresor, no pudimos con los 40 de dictadura y menos con los 35 de dictablanda, que son mas sutiles en las formas, \u00bfque esperamos m\u00e1s desunidos cada d\u00eda?<\/p>\n<p style=\"text-align: justify;\">Lo que nos queda es trabajar por la unidad de tod@ los oprimidos sin distingos, con la \u00fanica excepci\u00f3n que la de situarse del lado de los que nos oprimen, mientras seguiremos precint\u00e1ndonos a marchas forzadas al vac\u00edo como especio y pretendida civilizaci\u00f3n.<\/p>\n<p style=\"text-align: justify;\">Como afirmaba en otra ocasi\u00f3n: 24 ni\u00f1@s x minuto mueren en el mundo, y queremos dejar de sentir dolor, me imagino f\u00edsico y no mental pues es imposible ser humano y no espantarse por m\u00e1s muertes que veces respiramos por minuto, ahora m\u00e1s cerca Aminetu, desde siempre el pueblo vasco demonizado, ahora sus j\u00f3venes encarcelados, incomunicados y probablemente como dicta la l\u00f3gica de este proceder torturados, al menos con la incomunicaci\u00f3n y luego con la c\u00e1rcel, por defender la dignidad de su pueblo.<\/p>\n<p style=\"text-align: justify;\">Mir\u00e9monos en ellos y sigamos alg\u00fan camino pero no el actual deambular de son\u00e1mbulos que impera en todo el estado a excepci\u00f3n de II y los abertzales, pues hasta los mas mierda catalanes han visto como el rancio Espa\u00f1olismo los puede dejar con el culo al aire ante un pueblo catalan de mayor consciencia que la media estatal, al que est\u00e1n habituados a entontecer con tribunales ama\u00f1ados, titiriteros y cantama\u00f1anas de todo pelaje, pero Catalunya y Euskadi se les resisten, de que l@s trabjador@s del resto del estado y l@s Canari@s comprendamos que el camino es la unidad en la lucha y la solidaridad entre los pueblos, depender\u00e1 nuestro futuro y sin ser m\u00e1s que realistas el de nuestros hijos peque\u00f1itos, pues m\u00e1s depredaci\u00f3n no la soporta ni la especie ni el planeta.<\/p>\n<p>Tu Aportaci\u00f3n es imprescindible &#8211; Miles de ojos, bien abiertos, ven m\u00e1s que unos pocos que no quieren ver.<\/p>\n<p>Dif\u00fandelo. P\u00e1salo. Reprod\u00facelo. Enriqu\u00e9celo. Salud.<\/p>\n<p><a href=\"https:\/\/elpobrecitohablador.es\/wordpress\/wp-content\/uploads\/2010\/03\/logo.gif\" rel=\"lightbox[2]\"><img loading=\"lazy\" decoding=\"async\" class=\"aligncenter size-full wp-image-126\" title=\"Despierta\" src=\"https:\/\/elpobrecitohablador.es\/wordpress\/wp-content\/uploads\/2010\/03\/logo.gif\" alt=\"Despierta\" width=\"650\" height=\"351\" srcset=\"https:\/\/elpobrecitohablador.es\/wordpress\/wp-content\/uploads\/2010\/03\/logo.gif 650w, https:\/\/elpobrecitohablador.es\/wordpress\/wp-content\/uploads\/2010\/03\/logo-300x162.gif 300w, https:\/\/elpobrecitohablador.es\/wordpress\/wp-content\/uploads\/2010\/03\/logo-290x156.gif 290w, https:\/\/elpobrecitohablador.es\/wordpress\/wp-content\/uploads\/2010\/03\/logo-150x81.gif 150w\" sizes=\"auto, (max-width: 650px) 100vw, 650px\" \/><\/a><\/p>\n","protected":false},"excerpt":{"rendered":"<p>Despues de leer algunos blogs, incluyendo alguno con igual nombre que este, abandonado desde el 2005 y con temas cuasi intimistas, me revolvi en la silla incomada que me mantiene conectada a internet y me propuse aportar y sobre todo permitir aportar a otras\/os algo sobre el mundo que nos ha tocado vivir y sufrir [&hellip;]<\/p>\n","protected":false},"author":290,"featured_media":0,"parent":0,"menu_order":0,"comment_status":"closed","ping_status":"closed","template":"","meta":{"footnotes":""},"class_list":["post-2","page","type-page","status-publish","hentry"],"_links":{"self":[{"href":"https:\/\/elpobrecitohablador.es\/wordpress\/wp-json\/wp\/v2\/pages\/2","targetHints":{"allow":["GET"]}}],"collection":[{"href":"https:\/\/elpobrecitohablador.es\/wordpress\/wp-json\/wp\/v2\/pages"}],"about":[{"href":"https:\/\/elpobrecitohablador.es\/wordpress\/wp-json\/wp\/v2\/types\/page"}],"author":[{"embeddable":true,"href":"https:\/\/elpobrecitohablador.es\/wordpress\/wp-json\/wp\/v2\/users\/290"}],"replies":[{"embeddable":true,"href":"https:\/\/elpobrecitohablador.es\/wordpress\/wp-json\/wp\/v2\/comments?post=2"}],"version-history":[{"count":5,"href":"https:\/\/elpobrecitohablador.es\/wordpress\/wp-json\/wp\/v2\/pages\/2\/revisions"}],"predecessor-version":[{"id":638,"href":"https:\/\/elpobrecitohablador.es\/wordpress\/wp-json\/wp\/v2\/pages\/2\/revisions\/638"}],"wp:attachment":[{"href":"https:\/\/elpobrecitohablador.es\/wordpress\/wp-json\/wp\/v2\/media?parent=2"}],"curies":[{"name":"wp","href":"https:\/\/api.w.org\/{rel}","templated":true}]}}