{"id":1248,"date":"2011-09-24T13:01:53","date_gmt":"2011-09-24T12:01:53","guid":{"rendered":"http:\/\/elpobrecitohablador.es\/wordpress\/?page_id=1248"},"modified":"2015-04-05T19:19:26","modified_gmt":"2015-04-05T18:19:26","slug":"biblioteca-on-line","status":"publish","type":"page","link":"https:\/\/elpobrecitohablador.es\/wordpress\/biblioteca-on-line\/","title":{"rendered":"Biblioteca On Line"},"content":{"rendered":"<p>Agradecemos a <a href=\"mailto:todo@s\">todo@s<\/a> su apoyo y colaboraci\u00f3n desde distintas redes sociales, webs, etc.<\/p>\n<p style=\"text-align: justify;\">Comenzamos un nuevo proyecto desde esta pobrecita Web,Tu Web y te animamos a participar con tus libros preferidos, escaneandolos y compartiendolos, respetando 1 lector a la vez, al igual q en la vida real\u00a0o prestandolos realmente con envio por correo postal, mediante intercambio garantizado por esta Web.<\/p>\n<p style=\"text-align: justify;\">Comenzaremos\u00a0esta biblioteca on line con novedoso sistema de prestamo on line cumpliendo Ley de propiedad intelectual como en la vida real, al comprar un libro lo podemos prestar o regalar, en la vida virtual podemos prestarlo o regalarlo cumpliendo la misma q la ley de la vida real, o es q en internet la ley va a ser m\u00e1s restrictiva.<\/p>\n<ul>\n<li><a href=\"https:\/\/elpobrecitohablador.es\/wordpress\/libros\/einstein-porquesocialismo.html\" target=\"_blank\"><strong>\u00bfPor qu\u00e9 socialismo?<\/strong><\/a> &#8211; <a href=\"https:\/\/elpobrecitohablador.es\/wordpress\/libros\/einstein-porquesocialismo.html\" target=\"_blank\">Albert Einstein<\/a><\/li>\n<li><a title=\"Hay alternativa\" href=\"https:\/\/elpobrecitohablador.es\/wordpress\/libros\/hayalternativas.pdf\" target=\"_blank\">Hay alternativa<\/a> &#8211;\u00a0 <a href=\"https:\/\/elpobrecitohablador.es\/wordpress\/libros\/hayalternativas.pdf\" target=\"_blank\">Vicen\u00c7 Navarro, Juan Torres L\u00f3pez y Alberto Garz\u00f3n Espinosa<\/a><\/li>\n<li><a href=\"https:\/\/elpobrecitohablador.es\/wordpress\/libros\/GeorgesPolitzerPrincipiosElementalesFilosofia.pdf\" target=\"_blank\">Georges Politzer Principios Elementales de Filosofia<\/a><\/li>\n<li><a href=\"https:\/\/elpobrecitohablador.es\/wordpress\/libros\/SzaszThomas.pdf\" target=\"_blank\">Ideolog\u00eda y enfermedadmental Szasz Thomas<\/a><\/li>\n<li><a href=\"https:\/\/elpobrecitohablador.es\/wordpress\/libros\/noviolencia.pdf\" target=\"_blank\">C\u00f3mo la no violencia protege al Estado &#8211; Peter Gelderloos &#8211; Pdf<\/a><\/li>\n<li><a href=\"https:\/\/elpobrecitohablador.es\/wordpress\/libros\/PeterGelderloosCmoLaNo-violenciaDefiendeAlEstado.mp3\" target=\"_blank\">Conferencia Peter Gelderloos &#8211;\u00a0 Audio<\/a><\/li>\n<li><strong><span style=\"text-decoration: underline;\"><a href=\"https:\/\/elpobrecitohablador.es\/wordpress\/libros\/Enfermedad_mental_y_Capitalismo.doc\" target=\"_blank\">Alienaci\u00f3n consumista y enfermedad mental en el Capitalismo: An\u00e1lisis dial\u00e9ctico de una relaci\u00f3n evidente<\/a><\/span><\/strong><\/li>\n<li><a href=\"http:\/\/www.elojoesceptico.com.ar\/revistas\/eoe03\/eoe0311\" target=\"_blank\">Harry Houdini, un cap\u00edtulo de su lucha contra el fraude<\/a><\/li>\n<li><a href=\"http:\/\/www.elojoesceptico.com.ar\/revistas\/eoe02\/eoe0203\" target=\"_blank\">LA HOMEOPATIA \u00bfES MEDICINA?<\/a><\/li>\n<li><a href=\"http:\/\/ElPobrecitoHablador.Es\/wordpress\/libros\/KevynAucoin-Elartedelmaquillaje.pdf\" target=\"_blank\">El Arte del Maquillaje &#8211; Kevin Aucoin<\/a><\/li>\n<\/ul>\n<p>&nbsp;<\/p>\n","protected":false},"excerpt":{"rendered":"<p>Agradecemos a todo@s su apoyo y colaboraci\u00f3n desde distintas redes sociales, webs, etc. Comenzamos un nuevo proyecto desde esta pobrecita Web,Tu Web y te animamos a participar con tus libros preferidos, escaneandolos y compartiendolos, respetando 1 lector a la vez, al igual q en la vida real\u00a0o prestandolos realmente con envio por correo postal, mediante [&hellip;]<\/p>\n","protected":false},"author":290,"featured_media":0,"parent":0,"menu_order":1,"comment_status":"closed","ping_status":"closed","template":"","meta":{"footnotes":""},"class_list":["post-1248","page","type-page","status-publish","hentry"],"_links":{"self":[{"href":"https:\/\/elpobrecitohablador.es\/wordpress\/wp-json\/wp\/v2\/pages\/1248","targetHints":{"allow":["GET"]}}],"collection":[{"href":"https:\/\/elpobrecitohablador.es\/wordpress\/wp-json\/wp\/v2\/pages"}],"about":[{"href":"https:\/\/elpobrecitohablador.es\/wordpress\/wp-json\/wp\/v2\/types\/page"}],"author":[{"embeddable":true,"href":"https:\/\/elpobrecitohablador.es\/wordpress\/wp-json\/wp\/v2\/users\/290"}],"replies":[{"embeddable":true,"href":"https:\/\/elpobrecitohablador.es\/wordpress\/wp-json\/wp\/v2\/comments?post=1248"}],"version-history":[{"count":17,"href":"https:\/\/elpobrecitohablador.es\/wordpress\/wp-json\/wp\/v2\/pages\/1248\/revisions"}],"predecessor-version":[{"id":2000,"href":"https:\/\/elpobrecitohablador.es\/wordpress\/wp-json\/wp\/v2\/pages\/1248\/revisions\/2000"}],"wp:attachment":[{"href":"https:\/\/elpobrecitohablador.es\/wordpress\/wp-json\/wp\/v2\/media?parent=1248"}],"curies":[{"name":"wp","href":"https:\/\/api.w.org\/{rel}","templated":true}]}}